{"id":12548,"date":"2022-03-23T10:30:36","date_gmt":"2022-03-23T09:30:36","guid":{"rendered":"http:\/\/groupe-hadjeb.com\/?page_id=12548"},"modified":"2022-04-25T13:33:23","modified_gmt":"2022-04-25T11:33:23","slug":"dylia-market-2","status":"publish","type":"page","link":"http:\/\/groupe-hadjeb.com\/en\/dylia-market-2\/","title":{"rendered":"Dylia Market"},"content":{"rendered":"<div data-elementor-type=\"wp-post\" data-elementor-id=\"12548\" class=\"elementor elementor-12548\" data-elementor-settings=\"[]\">\n\t\t\t\t\t\t\t<div class=\"elementor-section-wrap\">\n\t\t\t\t\t\t\t<section class=\"elementor-section elementor-top-section elementor-element elementor-element-6962e2f0 elementor-section-stretched elementor-section-boxed elementor-section-height-default elementor-section-height-default\" data-id=\"6962e2f0\" data-element_type=\"section\" data-settings=\"{&quot;stretch_section&quot;:&quot;section-stretched&quot;,&quot;background_background&quot;:&quot;classic&quot;,&quot;shape_divider_bottom&quot;:&quot;triangle&quot;,&quot;shape_divider_bottom_negative&quot;:&quot;yes&quot;}\">\n\t\t\t\t\t\t\t<div class=\"elementor-background-overlay\"><\/div>\n\t\t\t\t\t\t<div class=\"elementor-shape elementor-shape-bottom\" data-negative=\"true\">\n\t\t\t<svg xmlns=\"http:\/\/www.w3.org\/2000\/svg\" viewbox=\"0 0 1000 100\" preserveaspectratio=\"none\">\n\t<path class=\"elementor-shape-fill\" d=\"M500.2,94.7L0,0v100h1000V0L500.2,94.7z\"\/>\n<\/svg>\t\t<\/div>\n\t\t\t\t\t<div class=\"elementor-container elementor-column-gap-default\">\n\t\t\t\t\t<div class=\"elementor-column elementor-col-100 elementor-top-column elementor-element elementor-element-513d0c2\" data-id=\"513d0c2\" data-element_type=\"column\">\n\t\t\t<div class=\"elementor-widget-wrap elementor-element-populated\">\n\t\t\t\t\t\t\t\t<div class=\"elementor-element elementor-element-15cdacec elementor-widget elementor-widget-heading\" data-id=\"15cdacec\" data-element_type=\"widget\" data-widget_type=\"heading.default\">\n\t\t\t\t<div class=\"elementor-widget-container\">\n\t\t\t<style>\/*! elementor - v3.5.6 - 28-02-2022 *\/\n.elementor-heading-title{padding:0;margin:0;line-height:1}.elementor-widget-heading .elementor-heading-title[class*=elementor-size-]>a{color:inherit;font-size:inherit;line-height:inherit}.elementor-widget-heading .elementor-heading-title.elementor-size-small{font-size:15px}.elementor-widget-heading .elementor-heading-title.elementor-size-medium{font-size:19px}.elementor-widget-heading .elementor-heading-title.elementor-size-large{font-size:29px}.elementor-widget-heading .elementor-heading-title.elementor-size-xl{font-size:39px}.elementor-widget-heading .elementor-heading-title.elementor-size-xxl{font-size:59px}<\/style><h2 class=\"elementor-heading-title elementor-size-default\">Dylia Market<\/h2>\t\t<\/div>\n\t\t\t\t<\/div>\n\t\t\t\t\t<\/div>\n\t\t<\/div>\n\t\t\t\t\t\t\t<\/div>\n\t\t<\/section>\n\t\t\t\t<section class=\"elementor-section elementor-top-section elementor-element elementor-element-46114d7 elementor-section-boxed elementor-section-height-default elementor-section-height-default\" data-id=\"46114d7\" data-element_type=\"section\">\n\t\t\t\t\t\t<div class=\"elementor-container elementor-column-gap-default\">\n\t\t\t\t\t<div class=\"elementor-column elementor-col-100 elementor-top-column elementor-element elementor-element-2188571\" data-id=\"2188571\" data-element_type=\"column\">\n\t\t\t<div class=\"elementor-widget-wrap elementor-element-populated\">\n\t\t\t\t\t\t\t\t<div class=\"elementor-element elementor-element-48b02da elementor-widget elementor-widget-spacer\" data-id=\"48b02da\" data-element_type=\"widget\" data-widget_type=\"spacer.default\">\n\t\t\t\t<div class=\"elementor-widget-container\">\n\t\t\t\t\t<div class=\"elementor-spacer\">\n\t\t\t<div class=\"elementor-spacer-inner\"><\/div>\n\t\t<\/div>\n\t\t\t\t<\/div>\n\t\t\t\t<\/div>\n\t\t\t\t\t<\/div>\n\t\t<\/div>\n\t\t\t\t\t\t\t<\/div>\n\t\t<\/section>\n\t\t\t\t<section class=\"elementor-section elementor-top-section elementor-element elementor-element-3c5e1e1 elementor-section-boxed elementor-section-height-default elementor-section-height-default\" data-id=\"3c5e1e1\" data-element_type=\"section\">\n\t\t\t\t\t\t<div class=\"elementor-container elementor-column-gap-default\">\n\t\t\t\t\t<div class=\"elementor-column elementor-col-100 elementor-top-column elementor-element elementor-element-3a4a47c animated-slow elementor-invisible\" data-id=\"3a4a47c\" data-element_type=\"column\" data-settings=\"{&quot;animation&quot;:&quot;zoomIn&quot;}\">\n\t\t\t<div class=\"elementor-widget-wrap elementor-element-populated\">\n\t\t\t\t\t\t\t\t<div class=\"elementor-element elementor-element-4f8a8c1 animated-slow elementor-invisible elementor-widget elementor-widget-text-editor\" data-id=\"4f8a8c1\" data-element_type=\"widget\" data-settings=\"{&quot;_animation&quot;:&quot;zoomIn&quot;}\" data-widget_type=\"text-editor.default\">\n\t\t\t\t<div class=\"elementor-widget-container\">\n\t\t\t<style>\/*! elementor - v3.5.6 - 28-02-2022 *\/\n.elementor-widget-text-editor.elementor-drop-cap-view-stacked .elementor-drop-cap{background-color:#818a91;color:#fff}.elementor-widget-text-editor.elementor-drop-cap-view-framed .elementor-drop-cap{color:#818a91;border:3px solid;background-color:transparent}.elementor-widget-text-editor:not(.elementor-drop-cap-view-default) .elementor-drop-cap{margin-top:8px}.elementor-widget-text-editor:not(.elementor-drop-cap-view-default) .elementor-drop-cap-letter{width:1em;height:1em}.elementor-widget-text-editor .elementor-drop-cap{float:left;text-align:center;line-height:1;font-size:50px}.elementor-widget-text-editor .elementor-drop-cap-letter{display:inline-block}<\/style>\t\t\t\t<p>\u00a0 \u00a0 Cr\u00e9e en 2009 Dylia n\u00e9goce est une des filiales du groupe Hadjeb. Le Groupe Hadjeb se lance alors dans la grande distribution et ouvre en 2014 son\u00a0 supermarch\u00e9 Dylia Market est l\u2019un des meilleurs supermarch\u00e9s de la r\u00e9gion, gr\u00e2ce \u00e0 une gamme de produits diversifi\u00e9s et un personnel qualifi\u00e9 Dylia Market offre aujourd\u2019hui un espace adapt\u00e9 aux besoins des consommateurs.<br \/>Concerned about the well-being of consumers, \u201cDylia market\u201d offers a wide range of products and a\nspace adapted to consumer needs with a qualified staff. In addition, \u201cDylia market\u201d has an\nentertainment and game space for children and families.<\/p>\t\t\t\t\t\t<\/div>\n\t\t\t\t<\/div>\n\t\t\t\t\t<\/div>\n\t\t<\/div>\n\t\t\t\t\t\t\t<\/div>\n\t\t<\/section>\n\t\t\t\t<section class=\"elementor-section elementor-top-section elementor-element elementor-element-e056067 elementor-section-boxed elementor-section-height-default elementor-section-height-default\" data-id=\"e056067\" data-element_type=\"section\">\n\t\t\t\t\t\t<div class=\"elementor-container elementor-column-gap-default\">\n\t\t\t\t\t<div class=\"elementor-column elementor-col-100 elementor-top-column elementor-element elementor-element-a2dcb59\" data-id=\"a2dcb59\" data-element_type=\"column\">\n\t\t\t<div class=\"elementor-widget-wrap elementor-element-populated\">\n\t\t\t\t\t\t\t\t<div class=\"elementor-element elementor-element-09df624 elementor-widget elementor-widget-spacer\" data-id=\"09df624\" data-element_type=\"widget\" data-widget_type=\"spacer.default\">\n\t\t\t\t<div class=\"elementor-widget-container\">\n\t\t\t\t\t<div class=\"elementor-spacer\">\n\t\t\t<div class=\"elementor-spacer-inner\"><\/div>\n\t\t<\/div>\n\t\t\t\t<\/div>\n\t\t\t\t<\/div>\n\t\t\t\t\t<\/div>\n\t\t<\/div>\n\t\t\t\t\t\t\t<\/div>\n\t\t<\/section>\n\t\t\t\t\t\t<\/div>\n\t\t\t\t\t<\/div>","protected":false},"excerpt":{"rendered":"<p>Dylia Market &nbsp; &nbsp; Cr\u00e9e en 2009 Dylia n\u00e9goce est une des filiales du groupe Hadjeb. Le Groupe Hadjeb se lance alors dans la grande distribution et ouvre en 2014&hellip;<\/p>\n<p> <a class=\"more-link\" href=\"http:\/\/groupe-hadjeb.com\/en\/dylia-market-2\/\">Read more<\/a><\/p>","protected":false},"author":1,"featured_media":11542,"parent":0,"menu_order":0,"comment_status":"closed","ping_status":"closed","template":"","meta":[],"yoast_head":"<!-- This site is optimized with the Yoast SEO plugin v18.2 - https:\/\/yoast.com\/wordpress\/plugins\/seo\/ -->\n<title>Dylia Market - Groupe Hadjeb<\/title>\n<meta name=\"description\" content=\"Cr\u00e9e en 2009 Dylia n\u00e9goce est une des filiales du groupe Hadjeb. Le Groupe Hadjeb se lance alors dans la grande distribution et ouvre en 2014 son supermarch\u00e9 Dylia Market est l\u2019un des meilleurs supermarch\u00e9s de la r\u00e9gion, gr\u00e2ce \u00e0 une gamme de produits diversifi\u00e9s et un personnel qualifi\u00e9 Dylia Market offre aujourd\u2019hui un espace adapt\u00e9 aux besoins des consommateurs.\" \/>\n<meta name=\"robots\" content=\"index, follow, max-snippet:-1, max-image-preview:large, max-video-preview:-1\" \/>\n<link rel=\"canonical\" href=\"https:\/\/groupe-hadjeb.com\/en\/dylia-market-2\/\" \/>\n<meta property=\"og:locale\" content=\"en_GB\" \/>\n<meta property=\"og:type\" content=\"article\" \/>\n<meta property=\"og:title\" content=\"Dylia Market - Groupe Hadjeb\" \/>\n<meta property=\"og:description\" content=\"Cr\u00e9e en 2009 Dylia n\u00e9goce est une des filiales du groupe Hadjeb. Le Groupe Hadjeb se lance alors dans la grande distribution et ouvre en 2014 son supermarch\u00e9 Dylia Market est l\u2019un des meilleurs supermarch\u00e9s de la r\u00e9gion, gr\u00e2ce \u00e0 une gamme de produits diversifi\u00e9s et un personnel qualifi\u00e9 Dylia Market offre aujourd\u2019hui un espace adapt\u00e9 aux besoins des consommateurs.\" \/>\n<meta property=\"og:url\" content=\"https:\/\/groupe-hadjeb.com\/en\/dylia-market-2\/\" \/>\n<meta property=\"og:site_name\" content=\"Groupe Hadjeb\" \/>\n<meta property=\"article:modified_time\" content=\"2022-04-25T11:33:23+00:00\" \/>\n<meta property=\"og:image\" content=\"https:\/\/groupe-hadjeb.com\/wp-content\/uploads\/2018\/02\/cropps-BG2.jpg\" \/>\n\t<meta property=\"og:image:width\" content=\"2000\" \/>\n\t<meta property=\"og:image:height\" content=\"1036\" \/>\n\t<meta property=\"og:image:type\" content=\"image\/jpeg\" \/>\n<meta name=\"twitter:card\" content=\"summary_large_image\" \/>\n<meta name=\"twitter:label1\" content=\"Estimated reading time\" \/>\n\t<meta name=\"twitter:data1\" content=\"1 minute\" \/>\n<script type=\"application\/ld+json\" class=\"yoast-schema-graph\">{\"@context\":\"https:\/\/schema.org\",\"@graph\":[{\"@type\":\"WebSite\",\"@id\":\"https:\/\/groupe-hadjeb.com\/en\/#website\",\"url\":\"https:\/\/groupe-hadjeb.com\/en\/\",\"name\":\"Groupe Hadjeb\",\"description\":\"\",\"potentialAction\":[{\"@type\":\"SearchAction\",\"target\":{\"@type\":\"EntryPoint\",\"urlTemplate\":\"https:\/\/groupe-hadjeb.com\/en\/?s={search_term_string}\"},\"query-input\":\"required name=search_term_string\"}],\"inLanguage\":\"en-GB\"},{\"@type\":\"ImageObject\",\"@id\":\"https:\/\/groupe-hadjeb.com\/en\/dylia-market-2\/#primaryimage\",\"inLanguage\":\"en-GB\",\"url\":\"http:\/\/groupe-hadjeb.com\/wp-content\/uploads\/2018\/02\/cropps-BG2.jpg\",\"contentUrl\":\"http:\/\/groupe-hadjeb.com\/wp-content\/uploads\/2018\/02\/cropps-BG2.jpg\",\"width\":2000,\"height\":1036},{\"@type\":\"WebPage\",\"@id\":\"https:\/\/groupe-hadjeb.com\/en\/dylia-market-2\/#webpage\",\"url\":\"https:\/\/groupe-hadjeb.com\/en\/dylia-market-2\/\",\"name\":\"Dylia Market - Groupe Hadjeb\",\"isPartOf\":{\"@id\":\"https:\/\/groupe-hadjeb.com\/en\/#website\"},\"primaryImageOfPage\":{\"@id\":\"https:\/\/groupe-hadjeb.com\/en\/dylia-market-2\/#primaryimage\"},\"datePublished\":\"2022-03-23T09:30:36+00:00\",\"dateModified\":\"2022-04-25T11:33:23+00:00\",\"description\":\"Cr\u00e9e en 2009 Dylia n\u00e9goce est une des filiales du groupe Hadjeb. Le Groupe Hadjeb se lance alors dans la grande distribution et ouvre en 2014 son supermarch\u00e9 Dylia Market est l\u2019un des meilleurs supermarch\u00e9s de la r\u00e9gion, gr\u00e2ce \u00e0 une gamme de produits diversifi\u00e9s et un personnel qualifi\u00e9 Dylia Market offre aujourd\u2019hui un espace adapt\u00e9 aux besoins des consommateurs.\",\"breadcrumb\":{\"@id\":\"https:\/\/groupe-hadjeb.com\/en\/dylia-market-2\/#breadcrumb\"},\"inLanguage\":\"en-GB\",\"potentialAction\":[{\"@type\":\"ReadAction\",\"target\":[\"https:\/\/groupe-hadjeb.com\/en\/dylia-market-2\/\"]}]},{\"@type\":\"BreadcrumbList\",\"@id\":\"https:\/\/groupe-hadjeb.com\/en\/dylia-market-2\/#breadcrumb\",\"itemListElement\":[{\"@type\":\"ListItem\",\"position\":1,\"name\":\"Accueil\",\"item\":\"https:\/\/groupe-hadjeb.com\/en\/\"},{\"@type\":\"ListItem\",\"position\":2,\"name\":\"Dylia Market\"}]}]}<\/script>\n<!-- \/ Yoast SEO plugin. -->","yoast_head_json":{"title":"Dylia Market - Groupe Hadjeb","description":"Cr\u00e9e en 2009 Dylia n\u00e9goce est une des filiales du groupe Hadjeb. Le Groupe Hadjeb se lance alors dans la grande distribution et ouvre en 2014 son supermarch\u00e9 Dylia Market est l\u2019un des meilleurs supermarch\u00e9s de la r\u00e9gion, gr\u00e2ce \u00e0 une gamme de produits diversifi\u00e9s et un personnel qualifi\u00e9 Dylia Market offre aujourd\u2019hui un espace adapt\u00e9 aux besoins des consommateurs.","robots":{"index":"index","follow":"follow","max-snippet":"max-snippet:-1","max-image-preview":"max-image-preview:large","max-video-preview":"max-video-preview:-1"},"canonical":"https:\/\/groupe-hadjeb.com\/en\/dylia-market-2\/","og_locale":"en_GB","og_type":"article","og_title":"Dylia Market - Groupe Hadjeb","og_description":"Cr\u00e9e en 2009 Dylia n\u00e9goce est une des filiales du groupe Hadjeb. Le Groupe Hadjeb se lance alors dans la grande distribution et ouvre en 2014 son supermarch\u00e9 Dylia Market est l\u2019un des meilleurs supermarch\u00e9s de la r\u00e9gion, gr\u00e2ce \u00e0 une gamme de produits diversifi\u00e9s et un personnel qualifi\u00e9 Dylia Market offre aujourd\u2019hui un espace adapt\u00e9 aux besoins des consommateurs.","og_url":"https:\/\/groupe-hadjeb.com\/en\/dylia-market-2\/","og_site_name":"Groupe Hadjeb","article_modified_time":"2022-04-25T11:33:23+00:00","og_image":[{"width":2000,"height":1036,"url":"https:\/\/groupe-hadjeb.com\/wp-content\/uploads\/2018\/02\/cropps-BG2.jpg","type":"image\/jpeg"}],"twitter_card":"summary_large_image","twitter_misc":{"Estimated reading time":"1 minute"},"schema":{"@context":"https:\/\/schema.org","@graph":[{"@type":"WebSite","@id":"https:\/\/groupe-hadjeb.com\/en\/#website","url":"https:\/\/groupe-hadjeb.com\/en\/","name":"Groupe Hadjeb","description":"","potentialAction":[{"@type":"SearchAction","target":{"@type":"EntryPoint","urlTemplate":"https:\/\/groupe-hadjeb.com\/en\/?s={search_term_string}"},"query-input":"required name=search_term_string"}],"inLanguage":"en-GB"},{"@type":"ImageObject","@id":"https:\/\/groupe-hadjeb.com\/en\/dylia-market-2\/#primaryimage","inLanguage":"en-GB","url":"http:\/\/groupe-hadjeb.com\/wp-content\/uploads\/2018\/02\/cropps-BG2.jpg","contentUrl":"http:\/\/groupe-hadjeb.com\/wp-content\/uploads\/2018\/02\/cropps-BG2.jpg","width":2000,"height":1036},{"@type":"WebPage","@id":"https:\/\/groupe-hadjeb.com\/en\/dylia-market-2\/#webpage","url":"https:\/\/groupe-hadjeb.com\/en\/dylia-market-2\/","name":"Dylia Market - Groupe Hadjeb","isPartOf":{"@id":"https:\/\/groupe-hadjeb.com\/en\/#website"},"primaryImageOfPage":{"@id":"https:\/\/groupe-hadjeb.com\/en\/dylia-market-2\/#primaryimage"},"datePublished":"2022-03-23T09:30:36+00:00","dateModified":"2022-04-25T11:33:23+00:00","description":"Cr\u00e9e en 2009 Dylia n\u00e9goce est une des filiales du groupe Hadjeb. Le Groupe Hadjeb se lance alors dans la grande distribution et ouvre en 2014 son supermarch\u00e9 Dylia Market est l\u2019un des meilleurs supermarch\u00e9s de la r\u00e9gion, gr\u00e2ce \u00e0 une gamme de produits diversifi\u00e9s et un personnel qualifi\u00e9 Dylia Market offre aujourd\u2019hui un espace adapt\u00e9 aux besoins des consommateurs.","breadcrumb":{"@id":"https:\/\/groupe-hadjeb.com\/en\/dylia-market-2\/#breadcrumb"},"inLanguage":"en-GB","potentialAction":[{"@type":"ReadAction","target":["https:\/\/groupe-hadjeb.com\/en\/dylia-market-2\/"]}]},{"@type":"BreadcrumbList","@id":"https:\/\/groupe-hadjeb.com\/en\/dylia-market-2\/#breadcrumb","itemListElement":[{"@type":"ListItem","position":1,"name":"Accueil","item":"https:\/\/groupe-hadjeb.com\/en\/"},{"@type":"ListItem","position":2,"name":"Dylia Market"}]}]}},"_links":{"self":[{"href":"http:\/\/groupe-hadjeb.com\/en\/wp-json\/wp\/v2\/pages\/12548"}],"collection":[{"href":"http:\/\/groupe-hadjeb.com\/en\/wp-json\/wp\/v2\/pages"}],"about":[{"href":"http:\/\/groupe-hadjeb.com\/en\/wp-json\/wp\/v2\/types\/page"}],"author":[{"embeddable":true,"href":"http:\/\/groupe-hadjeb.com\/en\/wp-json\/wp\/v2\/users\/1"}],"replies":[{"embeddable":true,"href":"http:\/\/groupe-hadjeb.com\/en\/wp-json\/wp\/v2\/comments?post=12548"}],"version-history":[{"count":20,"href":"http:\/\/groupe-hadjeb.com\/en\/wp-json\/wp\/v2\/pages\/12548\/revisions"}],"predecessor-version":[{"id":13142,"href":"http:\/\/groupe-hadjeb.com\/en\/wp-json\/wp\/v2\/pages\/12548\/revisions\/13142"}],"wp:featuredmedia":[{"embeddable":true,"href":"http:\/\/groupe-hadjeb.com\/en\/wp-json\/wp\/v2\/media\/11542"}],"wp:attachment":[{"href":"http:\/\/groupe-hadjeb.com\/en\/wp-json\/wp\/v2\/media?parent=12548"}],"curies":[{"name":"wp","href":"https:\/\/api.w.org\/{rel}","templated":true}]}}