{"id":12532,"date":"2022-03-23T10:04:42","date_gmt":"2022-03-23T09:04:42","guid":{"rendered":"http:\/\/groupe-hadjeb.com\/?page_id=12532"},"modified":"2022-04-25T13:33:43","modified_gmt":"2022-04-25T11:33:43","slug":"hadjeb-auto-2","status":"publish","type":"page","link":"http:\/\/groupe-hadjeb.com\/en\/hadjeb-auto-2\/","title":{"rendered":"Hadjeb Auto"},"content":{"rendered":"<div data-elementor-type=\"wp-post\" data-elementor-id=\"12532\" class=\"elementor elementor-12532\" data-elementor-settings=\"[]\">\n\t\t\t\t\t\t\t<div class=\"elementor-section-wrap\">\n\t\t\t\t\t\t\t<section class=\"elementor-section elementor-top-section elementor-element elementor-element-6962e2f0 elementor-section-stretched elementor-section-boxed elementor-section-height-default elementor-section-height-default\" data-id=\"6962e2f0\" data-element_type=\"section\" data-settings=\"{&quot;stretch_section&quot;:&quot;section-stretched&quot;,&quot;background_background&quot;:&quot;classic&quot;,&quot;shape_divider_bottom&quot;:&quot;triangle&quot;,&quot;shape_divider_bottom_negative&quot;:&quot;yes&quot;}\">\n\t\t\t\t\t\t\t<div class=\"elementor-background-overlay\"><\/div>\n\t\t\t\t\t\t<div class=\"elementor-shape elementor-shape-bottom\" data-negative=\"true\">\n\t\t\t<svg xmlns=\"http:\/\/www.w3.org\/2000\/svg\" viewbox=\"0 0 1000 100\" preserveaspectratio=\"none\">\n\t<path class=\"elementor-shape-fill\" d=\"M500.2,94.7L0,0v100h1000V0L500.2,94.7z\"\/>\n<\/svg>\t\t<\/div>\n\t\t\t\t\t<div class=\"elementor-container elementor-column-gap-default\">\n\t\t\t\t\t<div class=\"elementor-column elementor-col-100 elementor-top-column elementor-element elementor-element-0fc04f8\" data-id=\"0fc04f8\" data-element_type=\"column\">\n\t\t\t<div class=\"elementor-widget-wrap elementor-element-populated\">\n\t\t\t\t\t\t\t\t<div class=\"elementor-element elementor-element-6c1c701 elementor-widget elementor-widget-heading\" data-id=\"6c1c701\" data-element_type=\"widget\" data-widget_type=\"heading.default\">\n\t\t\t\t<div class=\"elementor-widget-container\">\n\t\t\t<style>\/*! elementor - v3.5.6 - 28-02-2022 *\/\n.elementor-heading-title{padding:0;margin:0;line-height:1}.elementor-widget-heading .elementor-heading-title[class*=elementor-size-]>a{color:inherit;font-size:inherit;line-height:inherit}.elementor-widget-heading .elementor-heading-title.elementor-size-small{font-size:15px}.elementor-widget-heading .elementor-heading-title.elementor-size-medium{font-size:19px}.elementor-widget-heading .elementor-heading-title.elementor-size-large{font-size:29px}.elementor-widget-heading .elementor-heading-title.elementor-size-xl{font-size:39px}.elementor-widget-heading .elementor-heading-title.elementor-size-xxl{font-size:59px}<\/style><h2 class=\"elementor-heading-title elementor-size-default\">Hadjeb Auto<\/h2>\t\t<\/div>\n\t\t\t\t<\/div>\n\t\t\t\t\t<\/div>\n\t\t<\/div>\n\t\t\t\t\t\t\t<\/div>\n\t\t<\/section>\n\t\t\t\t<section class=\"elementor-section elementor-top-section elementor-element elementor-element-46114d7 elementor-section-boxed elementor-section-height-default elementor-section-height-default\" data-id=\"46114d7\" data-element_type=\"section\">\n\t\t\t\t\t\t<div class=\"elementor-container elementor-column-gap-default\">\n\t\t\t\t\t<div class=\"elementor-column elementor-col-100 elementor-top-column elementor-element elementor-element-2188571\" data-id=\"2188571\" data-element_type=\"column\">\n\t\t\t<div class=\"elementor-widget-wrap elementor-element-populated\">\n\t\t\t\t\t\t\t\t<div class=\"elementor-element elementor-element-48b02da elementor-widget elementor-widget-spacer\" data-id=\"48b02da\" data-element_type=\"widget\" data-widget_type=\"spacer.default\">\n\t\t\t\t<div class=\"elementor-widget-container\">\n\t\t\t\t\t<div class=\"elementor-spacer\">\n\t\t\t<div class=\"elementor-spacer-inner\"><\/div>\n\t\t<\/div>\n\t\t\t\t<\/div>\n\t\t\t\t<\/div>\n\t\t\t\t\t<\/div>\n\t\t<\/div>\n\t\t\t\t\t\t\t<\/div>\n\t\t<\/section>\n\t\t\t\t<section class=\"elementor-section elementor-top-section elementor-element elementor-element-e2fe185 elementor-section-stretched elementor-section-boxed elementor-section-height-default elementor-section-height-default\" data-id=\"e2fe185\" data-element_type=\"section\" data-settings=\"{&quot;stretch_section&quot;:&quot;section-stretched&quot;}\">\n\t\t\t\t\t\t<div class=\"elementor-container elementor-column-gap-no\">\n\t\t\t\t\t<div class=\"elementor-column elementor-col-100 elementor-top-column elementor-element elementor-element-7fe2172\" data-id=\"7fe2172\" data-element_type=\"column\">\n\t\t\t<div class=\"elementor-widget-wrap elementor-element-populated\">\n\t\t\t\t\t\t\t\t<div class=\"elementor-element elementor-element-991e8a3 elementor-widget elementor-widget-text-editor\" data-id=\"991e8a3\" data-element_type=\"widget\" data-widget_type=\"text-editor.default\">\n\t\t\t\t<div class=\"elementor-widget-container\">\n\t\t\t<style>\/*! elementor - v3.5.6 - 28-02-2022 *\/\n.elementor-widget-text-editor.elementor-drop-cap-view-stacked .elementor-drop-cap{background-color:#818a91;color:#fff}.elementor-widget-text-editor.elementor-drop-cap-view-framed .elementor-drop-cap{color:#818a91;border:3px solid;background-color:transparent}.elementor-widget-text-editor:not(.elementor-drop-cap-view-default) .elementor-drop-cap{margin-top:8px}.elementor-widget-text-editor:not(.elementor-drop-cap-view-default) .elementor-drop-cap-letter{width:1em;height:1em}.elementor-widget-text-editor .elementor-drop-cap{float:left;text-align:center;line-height:1;font-size:50px}.elementor-widget-text-editor .elementor-drop-cap-letter{display:inline-block}<\/style>\t\t\t\t<p>HADJEB GROUP has been able to meet consumer expectations by investing in the automotive market\nin Algeria by creating HADJEB AUTO in 2005. This Decision is part of a multi-sector development\npolicy and HADJEB AUTO becomes, due to its durability on the market, a reference company of the\nHADJEB GROUP.\nHADJEB AUTO is a dealer of the brand KIA, offering:<br \/>\u00a0New car sales service<br \/>\u00a0An after-sales service for the maintenance of KIA vehicles<br \/>\u00a0A spare parts store<br \/>HADJEB AUTO is also an importer of KIA and HYUNDAI spare parts and has established firmly in the\nAlgerian market by offering a wide choice of original parts with different brands such as MOBIS,\nBESFIT\u2026 etc\u2026<\/p>\t\t\t\t\t\t<\/div>\n\t\t\t\t<\/div>\n\t\t\t\t\t<\/div>\n\t\t<\/div>\n\t\t\t\t\t\t\t<\/div>\n\t\t<\/section>\n\t\t\t\t<section class=\"elementor-section elementor-top-section elementor-element elementor-element-c74bbd5 elementor-section-boxed elementor-section-height-default elementor-section-height-default\" data-id=\"c74bbd5\" data-element_type=\"section\">\n\t\t\t\t\t\t<div class=\"elementor-container elementor-column-gap-default\">\n\t\t\t\t\t<div class=\"elementor-column elementor-col-33 elementor-top-column elementor-element elementor-element-31995cf\" data-id=\"31995cf\" data-element_type=\"column\">\n\t\t\t<div class=\"elementor-widget-wrap\">\n\t\t\t\t\t\t\t\t\t<\/div>\n\t\t<\/div>\n\t\t\t\t<div class=\"elementor-column elementor-col-33 elementor-top-column elementor-element elementor-element-ec0089a\" data-id=\"ec0089a\" data-element_type=\"column\">\n\t\t\t<div class=\"elementor-widget-wrap elementor-element-populated\">\n\t\t\t\t\t\t\t\t<div class=\"elementor-element elementor-element-c1a62a4 elementor-widget elementor-widget-heading\" data-id=\"c1a62a4\" data-element_type=\"widget\" data-widget_type=\"heading.default\">\n\t\t\t\t<div class=\"elementor-widget-container\">\n\t\t\t<h4 class=\"elementor-heading-title elementor-size-default\">Request your appointment<\/h4>\t\t<\/div>\n\t\t\t\t<\/div>\n\t\t\t\t<div class=\"elementor-element elementor-element-e628659 premium-contact-form-anim-yes elementor-widget elementor-widget-premium-contact-form\" data-id=\"e628659\" data-element_type=\"widget\" data-widget_type=\"premium-contact-form.default\">\n\t\t\t\t<div class=\"elementor-widget-container\">\n\t\t\t\r\n\t\t\t<div class=\"premium-cf7-container\">\r\n\t\t\t\t<div role=\"form\" class=\"wpcf7\" id=\"wpcf7-f12622-o1\" lang=\"fr-FR\" dir=\"ltr\">\n<div class=\"screen-reader-response\"><p role=\"status\" aria-live=\"polite\" aria-atomic=\"true\"><\/p> <ul><\/ul><\/div>\n<form action=\"\/en\/wp-json\/wp\/v2\/pages\/12532#wpcf7-f12622-o1\" method=\"post\" class=\"wpcf7-form init\" novalidate=\"novalidate\" data-status=\"init\" data-trp-original-action=\"\/en\/wp-json\/wp\/v2\/pages\/12532#wpcf7-f12622-o1\">\n<div style=\"display: none;\">\n<input type=\"hidden\" name=\"_wpcf7\" value=\"12622\" \/>\n<input type=\"hidden\" name=\"_wpcf7_version\" value=\"5.5.6\" \/>\n<input type=\"hidden\" name=\"_wpcf7_locale\" value=\"fr_FR\" \/>\n<input type=\"hidden\" name=\"_wpcf7_unit_tag\" value=\"wpcf7-f12622-o1\" \/>\n<input type=\"hidden\" name=\"_wpcf7_container_post\" value=\"0\" \/>\n<input type=\"hidden\" name=\"_wpcf7_posted_data_hash\" value=\"\" \/>\n<\/div>\n<p><label> Name<br \/>\n    <span class=\"wpcf7-form-control-wrap your-name\"><input type=\"text\" name=\"your-name\" value=\"\" size=\"40\" class=\"wpcf7-form-control wpcf7-text wpcf7-validates-as-required\" aria-required=\"true\" aria-invalid=\"false\" \/><\/span> <\/label><br \/>\n<label> First name<br \/>\n    <span class=\"wpcf7-form-control-wrap your-prenom\"><input type=\"text\" name=\"your-prenom\" value=\"\" size=\"40\" class=\"wpcf7-form-control wpcf7-text wpcf7-validates-as-required\" aria-required=\"true\" aria-invalid=\"false\" \/><\/span> <\/label><\/p>\n<p><label> E-mail<br \/>\n    <span class=\"wpcf7-form-control-wrap your-email\"><input type=\"email\" name=\"your-email\" value=\"\" size=\"40\" class=\"wpcf7-form-control wpcf7-text wpcf7-email wpcf7-validates-as-required wpcf7-validates-as-email\" aria-required=\"true\" aria-invalid=\"false\" \/><\/span> <\/label><br \/>\n<label> Phone<br \/>\n<span class=\"wpcf7-form-control-wrap tel-675\"><input type=\"tel\" name=\"tel-675\" value=\"\" size=\"40\" class=\"wpcf7-form-control wpcf7-text wpcf7-tel wpcf7-validates-as-required wpcf7-validates-as-tel\" aria-required=\"true\" aria-invalid=\"false\" \/><\/span><\/label><br \/>\n<label> Vehicle type<br \/>\n<span class=\"wpcf7-form-control-wrap text-43\"><input type=\"text\" name=\"text-43\" value=\"\" size=\"40\" class=\"wpcf7-form-control wpcf7-text wpcf7-validates-as-required\" aria-required=\"true\" aria-invalid=\"false\" \/><\/span><\/label><br \/>\n<label> Vehicle year<br \/>\n<span class=\"wpcf7-form-control-wrap number-618\"><input type=\"number\" name=\"number-618\" value=\"\" class=\"wpcf7-form-control wpcf7-number wpcf7-validates-as-number\" min=\"1962\" max=\"2022\" aria-invalid=\"false\" \/><\/span><\/label><br \/>\n<label> Service<br \/>\n<span class=\"wpcf7-form-control-wrap menu-947\"><select name=\"menu-947\" class=\"wpcf7-form-control wpcf7-select wpcf7-validates-as-required\" aria-required=\"true\" aria-invalid=\"false\"><option value=\"Service Apr\u00e8s Vente\">After-sales service<\/option><option value=\"Magasin Pi\u00e8ces de Rechange\">Spare Parts Store<\/option><\/select><\/span><\/label><\/p>\n<p><label> Description<br \/>\n    <span class=\"wpcf7-form-control-wrap your-message\"><textarea name=\"your-message\" cols=\"40\" rows=\"10\" class=\"wpcf7-form-control wpcf7-textarea\" aria-invalid=\"false\"><\/textarea><\/span> <\/label><\/p>\n<p><input type=\"submit\" value=\"Send\" class=\"wpcf7-form-control has-spinner wpcf7-submit\" \/><\/p>\n<div class=\"wpcf7-response-output\" aria-hidden=\"true\"><\/div><input type=\"hidden\" name=\"trp-form-language\" value=\"en\"\/><\/form><\/div>\t\t\t<\/div>\r\n\r\n\t\t\t\t\t<\/div>\n\t\t\t\t<\/div>\n\t\t\t\t\t<\/div>\n\t\t<\/div>\n\t\t\t\t<div class=\"elementor-column elementor-col-33 elementor-top-column elementor-element elementor-element-8ce3df9\" data-id=\"8ce3df9\" data-element_type=\"column\">\n\t\t\t<div class=\"elementor-widget-wrap\">\n\t\t\t\t\t\t\t\t\t<\/div>\n\t\t<\/div>\n\t\t\t\t\t\t\t<\/div>\n\t\t<\/section>\n\t\t\t\t<section class=\"elementor-section elementor-top-section elementor-element elementor-element-e056067 elementor-section-boxed elementor-section-height-default elementor-section-height-default\" data-id=\"e056067\" data-element_type=\"section\">\n\t\t\t\t\t\t<div class=\"elementor-container elementor-column-gap-default\">\n\t\t\t\t\t<div class=\"elementor-column elementor-col-100 elementor-top-column elementor-element elementor-element-a2dcb59\" data-id=\"a2dcb59\" data-element_type=\"column\">\n\t\t\t<div class=\"elementor-widget-wrap elementor-element-populated\">\n\t\t\t\t\t\t\t\t<div class=\"elementor-element elementor-element-09df624 elementor-widget elementor-widget-spacer\" data-id=\"09df624\" data-element_type=\"widget\" data-widget_type=\"spacer.default\">\n\t\t\t\t<div class=\"elementor-widget-container\">\n\t\t\t\t\t<div class=\"elementor-spacer\">\n\t\t\t<div class=\"elementor-spacer-inner\"><\/div>\n\t\t<\/div>\n\t\t\t\t<\/div>\n\t\t\t\t<\/div>\n\t\t\t\t\t<\/div>\n\t\t<\/div>\n\t\t\t\t\t\t\t<\/div>\n\t\t<\/section>\n\t\t\t\t\t\t<\/div>\n\t\t\t\t\t<\/div>","protected":false},"excerpt":{"rendered":"<p>Hadjeb Auto Le GROUPE HADJEB a su r\u00e9pondre aux attentes des consommateurs en investissant dans le march\u00e9 automobile en Alg\u00e9rie par la cr\u00e9ation de la filiale HADJEB AUTO en 2005.&hellip;<\/p>\n<p> <a class=\"more-link\" href=\"http:\/\/groupe-hadjeb.com\/en\/hadjeb-auto-2\/\">Read more<\/a><\/p>","protected":false},"author":1,"featured_media":11542,"parent":0,"menu_order":0,"comment_status":"closed","ping_status":"closed","template":"","meta":[],"yoast_head":"<!-- This site is optimized with the Yoast SEO plugin v18.2 - https:\/\/yoast.com\/wordpress\/plugins\/seo\/ -->\n<title>Hadjeb Auto - Groupe Hadjeb<\/title>\n<meta name=\"description\" content=\"Le GROUPE HADJEB a su r\u00e9pondre aux attentes des consommateurs en investissant dans le march\u00e9 automobile en Alg\u00e9rie par la cr\u00e9ation de la filiale HADJEB AUTO en 2005.\" \/>\n<meta name=\"robots\" content=\"index, follow, max-snippet:-1, max-image-preview:large, max-video-preview:-1\" \/>\n<link rel=\"canonical\" href=\"http:\/\/groupe-hadjeb.com\/en\/hadjeb-auto-2\/\" \/>\n<meta property=\"og:locale\" content=\"en_GB\" \/>\n<meta property=\"og:type\" content=\"article\" \/>\n<meta property=\"og:title\" content=\"Hadjeb Auto - Groupe Hadjeb\" \/>\n<meta property=\"og:description\" content=\"Le GROUPE HADJEB a su r\u00e9pondre aux attentes des consommateurs en investissant dans le march\u00e9 automobile en Alg\u00e9rie par la cr\u00e9ation de la filiale HADJEB AUTO en 2005.\" \/>\n<meta property=\"og:url\" content=\"http:\/\/groupe-hadjeb.com\/en\/hadjeb-auto-2\/\" \/>\n<meta property=\"og:site_name\" content=\"Groupe Hadjeb\" \/>\n<meta property=\"article:modified_time\" content=\"2022-04-25T11:33:43+00:00\" \/>\n<meta property=\"og:image\" content=\"http:\/\/groupe-hadjeb.com\/wp-content\/uploads\/2018\/02\/cropps-BG2.jpg\" \/>\n\t<meta property=\"og:image:width\" content=\"2000\" \/>\n\t<meta property=\"og:image:height\" content=\"1036\" \/>\n\t<meta property=\"og:image:type\" content=\"image\/jpeg\" \/>\n<meta name=\"twitter:card\" content=\"summary_large_image\" \/>\n<meta name=\"twitter:label1\" content=\"Estimated reading time\" \/>\n\t<meta name=\"twitter:data1\" content=\"1 minute\" \/>\n<script type=\"application\/ld+json\" class=\"yoast-schema-graph\">{\"@context\":\"https:\/\/schema.org\",\"@graph\":[{\"@type\":\"WebSite\",\"@id\":\"http:\/\/groupe-hadjeb.com\/#website\",\"url\":\"http:\/\/groupe-hadjeb.com\/\",\"name\":\"Groupe Hadjeb\",\"description\":\"\",\"potentialAction\":[{\"@type\":\"SearchAction\",\"target\":{\"@type\":\"EntryPoint\",\"urlTemplate\":\"http:\/\/groupe-hadjeb.com\/?s={search_term_string}\"},\"query-input\":\"required name=search_term_string\"}],\"inLanguage\":\"en-GB\"},{\"@type\":\"ImageObject\",\"@id\":\"http:\/\/groupe-hadjeb.com\/hadjeb-auto-2\/#primaryimage\",\"inLanguage\":\"en-GB\",\"url\":\"http:\/\/groupe-hadjeb.com\/wp-content\/uploads\/2018\/02\/cropps-BG2.jpg\",\"contentUrl\":\"http:\/\/groupe-hadjeb.com\/wp-content\/uploads\/2018\/02\/cropps-BG2.jpg\",\"width\":2000,\"height\":1036},{\"@type\":\"WebPage\",\"@id\":\"http:\/\/groupe-hadjeb.com\/hadjeb-auto-2\/#webpage\",\"url\":\"http:\/\/groupe-hadjeb.com\/hadjeb-auto-2\/\",\"name\":\"Hadjeb Auto - Groupe Hadjeb\",\"isPartOf\":{\"@id\":\"http:\/\/groupe-hadjeb.com\/#website\"},\"primaryImageOfPage\":{\"@id\":\"http:\/\/groupe-hadjeb.com\/hadjeb-auto-2\/#primaryimage\"},\"datePublished\":\"2022-03-23T09:04:42+00:00\",\"dateModified\":\"2022-04-25T11:33:43+00:00\",\"description\":\"Le GROUPE HADJEB a su r\u00e9pondre aux attentes des consommateurs en investissant dans le march\u00e9 automobile en Alg\u00e9rie par la cr\u00e9ation de la filiale HADJEB AUTO en 2005.\",\"breadcrumb\":{\"@id\":\"http:\/\/groupe-hadjeb.com\/hadjeb-auto-2\/#breadcrumb\"},\"inLanguage\":\"en-GB\",\"potentialAction\":[{\"@type\":\"ReadAction\",\"target\":[\"http:\/\/groupe-hadjeb.com\/hadjeb-auto-2\/\"]}]},{\"@type\":\"BreadcrumbList\",\"@id\":\"http:\/\/groupe-hadjeb.com\/hadjeb-auto-2\/#breadcrumb\",\"itemListElement\":[{\"@type\":\"ListItem\",\"position\":1,\"name\":\"Accueil\",\"item\":\"http:\/\/groupe-hadjeb.com\/\"},{\"@type\":\"ListItem\",\"position\":2,\"name\":\"Hadjeb Auto\"}]}]}<\/script>\n<!-- \/ Yoast SEO plugin. -->","yoast_head_json":{"title":"Hadjeb Auto - Groupe Hadjeb","description":"Le GROUPE HADJEB a su r\u00e9pondre aux attentes des consommateurs en investissant dans le march\u00e9 automobile en Alg\u00e9rie par la cr\u00e9ation de la filiale HADJEB AUTO en 2005.","robots":{"index":"index","follow":"follow","max-snippet":"max-snippet:-1","max-image-preview":"max-image-preview:large","max-video-preview":"max-video-preview:-1"},"canonical":"http:\/\/groupe-hadjeb.com\/en\/hadjeb-auto-2\/","og_locale":"en_GB","og_type":"article","og_title":"Hadjeb Auto - Groupe Hadjeb","og_description":"Le GROUPE HADJEB a su r\u00e9pondre aux attentes des consommateurs en investissant dans le march\u00e9 automobile en Alg\u00e9rie par la cr\u00e9ation de la filiale HADJEB AUTO en 2005.","og_url":"http:\/\/groupe-hadjeb.com\/en\/hadjeb-auto-2\/","og_site_name":"Groupe Hadjeb","article_modified_time":"2022-04-25T11:33:43+00:00","og_image":[{"width":2000,"height":1036,"url":"http:\/\/groupe-hadjeb.com\/wp-content\/uploads\/2018\/02\/cropps-BG2.jpg","type":"image\/jpeg"}],"twitter_card":"summary_large_image","twitter_misc":{"Estimated reading time":"1 minute"},"schema":{"@context":"https:\/\/schema.org","@graph":[{"@type":"WebSite","@id":"http:\/\/groupe-hadjeb.com\/#website","url":"http:\/\/groupe-hadjeb.com\/","name":"Groupe Hadjeb","description":"","potentialAction":[{"@type":"SearchAction","target":{"@type":"EntryPoint","urlTemplate":"http:\/\/groupe-hadjeb.com\/?s={search_term_string}"},"query-input":"required name=search_term_string"}],"inLanguage":"en-GB"},{"@type":"ImageObject","@id":"http:\/\/groupe-hadjeb.com\/hadjeb-auto-2\/#primaryimage","inLanguage":"en-GB","url":"http:\/\/groupe-hadjeb.com\/wp-content\/uploads\/2018\/02\/cropps-BG2.jpg","contentUrl":"http:\/\/groupe-hadjeb.com\/wp-content\/uploads\/2018\/02\/cropps-BG2.jpg","width":2000,"height":1036},{"@type":"WebPage","@id":"http:\/\/groupe-hadjeb.com\/hadjeb-auto-2\/#webpage","url":"http:\/\/groupe-hadjeb.com\/hadjeb-auto-2\/","name":"Hadjeb Auto - Groupe Hadjeb","isPartOf":{"@id":"http:\/\/groupe-hadjeb.com\/#website"},"primaryImageOfPage":{"@id":"http:\/\/groupe-hadjeb.com\/hadjeb-auto-2\/#primaryimage"},"datePublished":"2022-03-23T09:04:42+00:00","dateModified":"2022-04-25T11:33:43+00:00","description":"Le GROUPE HADJEB a su r\u00e9pondre aux attentes des consommateurs en investissant dans le march\u00e9 automobile en Alg\u00e9rie par la cr\u00e9ation de la filiale HADJEB AUTO en 2005.","breadcrumb":{"@id":"http:\/\/groupe-hadjeb.com\/hadjeb-auto-2\/#breadcrumb"},"inLanguage":"en-GB","potentialAction":[{"@type":"ReadAction","target":["http:\/\/groupe-hadjeb.com\/hadjeb-auto-2\/"]}]},{"@type":"BreadcrumbList","@id":"http:\/\/groupe-hadjeb.com\/hadjeb-auto-2\/#breadcrumb","itemListElement":[{"@type":"ListItem","position":1,"name":"Accueil","item":"http:\/\/groupe-hadjeb.com\/"},{"@type":"ListItem","position":2,"name":"Hadjeb Auto"}]}]}},"_links":{"self":[{"href":"http:\/\/groupe-hadjeb.com\/en\/wp-json\/wp\/v2\/pages\/12532"}],"collection":[{"href":"http:\/\/groupe-hadjeb.com\/en\/wp-json\/wp\/v2\/pages"}],"about":[{"href":"http:\/\/groupe-hadjeb.com\/en\/wp-json\/wp\/v2\/types\/page"}],"author":[{"embeddable":true,"href":"http:\/\/groupe-hadjeb.com\/en\/wp-json\/wp\/v2\/users\/1"}],"replies":[{"embeddable":true,"href":"http:\/\/groupe-hadjeb.com\/en\/wp-json\/wp\/v2\/comments?post=12532"}],"version-history":[{"count":62,"href":"http:\/\/groupe-hadjeb.com\/en\/wp-json\/wp\/v2\/pages\/12532\/revisions"}],"predecessor-version":[{"id":13143,"href":"http:\/\/groupe-hadjeb.com\/en\/wp-json\/wp\/v2\/pages\/12532\/revisions\/13143"}],"wp:featuredmedia":[{"embeddable":true,"href":"http:\/\/groupe-hadjeb.com\/en\/wp-json\/wp\/v2\/media\/11542"}],"wp:attachment":[{"href":"http:\/\/groupe-hadjeb.com\/en\/wp-json\/wp\/v2\/media?parent=12532"}],"curies":[{"name":"wp","href":"https:\/\/api.w.org\/{rel}","templated":true}]}}