{"id":12509,"date":"2022-03-23T09:57:16","date_gmt":"2022-03-23T08:57:16","guid":{"rendered":"http:\/\/groupe-hadjeb.com\/?page_id=12509"},"modified":"2022-04-25T11:28:08","modified_gmt":"2022-04-25T09:28:08","slug":"sarl-blanco-impex-2","status":"publish","type":"page","link":"http:\/\/groupe-hadjeb.com\/en\/sarl-blanco-impex-2\/","title":{"rendered":"Sarl Blanco Impex"},"content":{"rendered":"<div data-elementor-type=\"wp-post\" data-elementor-id=\"12509\" class=\"elementor elementor-12509\" data-elementor-settings=\"[]\">\n\t\t\t\t\t\t\t<div class=\"elementor-section-wrap\">\n\t\t\t\t\t\t\t<section class=\"elementor-section elementor-top-section elementor-element elementor-element-6962e2f0 elementor-section-stretched elementor-section-boxed elementor-section-height-default elementor-section-height-default\" data-id=\"6962e2f0\" data-element_type=\"section\" data-settings=\"{&quot;stretch_section&quot;:&quot;section-stretched&quot;,&quot;background_background&quot;:&quot;classic&quot;,&quot;shape_divider_bottom&quot;:&quot;triangle&quot;,&quot;shape_divider_bottom_negative&quot;:&quot;yes&quot;}\">\n\t\t\t\t\t\t\t<div class=\"elementor-background-overlay\"><\/div>\n\t\t\t\t\t\t<div class=\"elementor-shape elementor-shape-bottom\" data-negative=\"true\">\n\t\t\t<svg xmlns=\"http:\/\/www.w3.org\/2000\/svg\" viewbox=\"0 0 1000 100\" preserveaspectratio=\"none\">\n\t<path class=\"elementor-shape-fill\" d=\"M500.2,94.7L0,0v100h1000V0L500.2,94.7z\"\/>\n<\/svg>\t\t<\/div>\n\t\t\t\t\t<div class=\"elementor-container elementor-column-gap-default\">\n\t\t\t\t\t<div class=\"elementor-column elementor-col-100 elementor-top-column elementor-element elementor-element-513d0c2\" data-id=\"513d0c2\" data-element_type=\"column\">\n\t\t\t<div class=\"elementor-widget-wrap elementor-element-populated\">\n\t\t\t\t\t\t\t\t<div class=\"elementor-element elementor-element-15cdacec elementor-widget elementor-widget-heading\" data-id=\"15cdacec\" data-element_type=\"widget\" data-widget_type=\"heading.default\">\n\t\t\t\t<div class=\"elementor-widget-container\">\n\t\t\t<style>\/*! elementor - v3.5.6 - 28-02-2022 *\/\n.elementor-heading-title{padding:0;margin:0;line-height:1}.elementor-widget-heading .elementor-heading-title[class*=elementor-size-]>a{color:inherit;font-size:inherit;line-height:inherit}.elementor-widget-heading .elementor-heading-title.elementor-size-small{font-size:15px}.elementor-widget-heading .elementor-heading-title.elementor-size-medium{font-size:19px}.elementor-widget-heading .elementor-heading-title.elementor-size-large{font-size:29px}.elementor-widget-heading .elementor-heading-title.elementor-size-xl{font-size:39px}.elementor-widget-heading .elementor-heading-title.elementor-size-xxl{font-size:59px}<\/style><h2 class=\"elementor-heading-title elementor-size-default\">Sarl Blanco Impex<\/h2>\t\t<\/div>\n\t\t\t\t<\/div>\n\t\t\t\t\t<\/div>\n\t\t<\/div>\n\t\t\t\t\t\t\t<\/div>\n\t\t<\/section>\n\t\t\t\t<section class=\"elementor-section elementor-top-section elementor-element elementor-element-46114d7 elementor-section-boxed elementor-section-height-default elementor-section-height-default\" data-id=\"46114d7\" data-element_type=\"section\">\n\t\t\t\t\t\t<div class=\"elementor-container elementor-column-gap-default\">\n\t\t\t\t\t<div class=\"elementor-column elementor-col-100 elementor-top-column elementor-element elementor-element-2188571\" data-id=\"2188571\" data-element_type=\"column\">\n\t\t\t<div class=\"elementor-widget-wrap elementor-element-populated\">\n\t\t\t\t\t\t\t\t<div class=\"elementor-element elementor-element-48b02da elementor-widget elementor-widget-spacer\" data-id=\"48b02da\" data-element_type=\"widget\" data-widget_type=\"spacer.default\">\n\t\t\t\t<div class=\"elementor-widget-container\">\n\t\t\t\t\t<div class=\"elementor-spacer\">\n\t\t\t<div class=\"elementor-spacer-inner\"><\/div>\n\t\t<\/div>\n\t\t\t\t<\/div>\n\t\t\t\t<\/div>\n\t\t\t\t\t<\/div>\n\t\t<\/div>\n\t\t\t\t\t\t\t<\/div>\n\t\t<\/section>\n\t\t\t\t<section class=\"elementor-section elementor-top-section elementor-element elementor-element-3c5e1e1 elementor-section-boxed elementor-section-height-default elementor-section-height-default\" data-id=\"3c5e1e1\" data-element_type=\"section\">\n\t\t\t\t\t\t<div class=\"elementor-container elementor-column-gap-default\">\n\t\t\t\t\t<div class=\"elementor-column elementor-col-100 elementor-top-column elementor-element elementor-element-3a4a47c animated-slow elementor-invisible\" data-id=\"3a4a47c\" data-element_type=\"column\" data-settings=\"{&quot;animation&quot;:&quot;zoomIn&quot;}\">\n\t\t\t<div class=\"elementor-widget-wrap elementor-element-populated\">\n\t\t\t\t\t\t\t\t<div class=\"elementor-element elementor-element-4f8a8c1 animated-slow elementor-invisible elementor-widget elementor-widget-text-editor\" data-id=\"4f8a8c1\" data-element_type=\"widget\" data-settings=\"{&quot;_animation&quot;:&quot;zoomIn&quot;}\" data-widget_type=\"text-editor.default\">\n\t\t\t\t<div class=\"elementor-widget-container\">\n\t\t\t<style>\/*! elementor - v3.5.6 - 28-02-2022 *\/\n.elementor-widget-text-editor.elementor-drop-cap-view-stacked .elementor-drop-cap{background-color:#818a91;color:#fff}.elementor-widget-text-editor.elementor-drop-cap-view-framed .elementor-drop-cap{color:#818a91;border:3px solid;background-color:transparent}.elementor-widget-text-editor:not(.elementor-drop-cap-view-default) .elementor-drop-cap{margin-top:8px}.elementor-widget-text-editor:not(.elementor-drop-cap-view-default) .elementor-drop-cap-letter{width:1em;height:1em}.elementor-widget-text-editor .elementor-drop-cap{float:left;text-align:center;line-height:1;font-size:50px}.elementor-widget-text-editor .elementor-drop-cap-letter{display:inline-block}<\/style>\t\t\t\t<p>Sarl blanco impex is an import company of high quality food products. Its products are distributed\nthroughout the country, and offer the best quality\/price ratio.\nThe product line includes canned foods such as mushrooms, canned fruit and canned sweet corn.\nMoreover, other products such as dried fruits and nuts<\/p>\t\t\t\t\t\t<\/div>\n\t\t\t\t<\/div>\n\t\t\t\t\t<\/div>\n\t\t<\/div>\n\t\t\t\t\t\t\t<\/div>\n\t\t<\/section>\n\t\t\t\t<section class=\"elementor-section elementor-top-section elementor-element elementor-element-5df70fe elementor-section-boxed elementor-section-height-default elementor-section-height-default\" data-id=\"5df70fe\" data-element_type=\"section\">\n\t\t\t\t\t\t<div class=\"elementor-container elementor-column-gap-default\">\n\t\t\t\t\t<div class=\"elementor-column elementor-col-100 elementor-top-column elementor-element elementor-element-769a126 animated-slow elementor-invisible\" data-id=\"769a126\" data-element_type=\"column\" data-settings=\"{&quot;animation&quot;:&quot;zoomIn&quot;,&quot;background_background&quot;:&quot;classic&quot;}\">\n\t\t\t<div class=\"elementor-widget-wrap elementor-element-populated\">\n\t\t\t\t\t<div class=\"elementor-background-overlay\"><\/div>\n\t\t\t\t\t\t\t\t<div class=\"elementor-element elementor-element-aa1f990 elementor-widget elementor-widget-heading\" data-id=\"aa1f990\" data-element_type=\"widget\" data-widget_type=\"heading.default\">\n\t\t\t\t<div class=\"elementor-widget-container\">\n\t\t\t<h4 class=\"elementor-heading-title elementor-size-default\">Nos produits<\/h4>\t\t<\/div>\n\t\t\t\t<\/div>\n\t\t\t\t<section class=\"elementor-section elementor-inner-section elementor-element elementor-element-96f4409 elementor-section-boxed elementor-section-height-default elementor-section-height-default\" data-id=\"96f4409\" data-element_type=\"section\">\n\t\t\t\t\t\t<div class=\"elementor-container elementor-column-gap-default\">\n\t\t\t\t\t<div class=\"elementor-column elementor-col-25 elementor-inner-column elementor-element elementor-element-40e3caf\" data-id=\"40e3caf\" data-element_type=\"column\">\n\t\t\t<div class=\"elementor-widget-wrap elementor-element-populated\">\n\t\t\t\t\t\t\t\t<div class=\"elementor-element elementor-element-77b5ad4 elementor-widget elementor-widget-image\" data-id=\"77b5ad4\" data-element_type=\"widget\" data-widget_type=\"image.default\">\n\t\t\t\t<div class=\"elementor-widget-container\">\n\t\t\t<style>\/*! elementor - v3.5.6 - 28-02-2022 *\/\n.elementor-widget-image{text-align:center}.elementor-widget-image a{display:inline-block}.elementor-widget-image a img[src$=\".svg\"]{width:48px}.elementor-widget-image img{vertical-align:middle;display:inline-block}<\/style>\t\t\t\t\t\t\t\t\t\t\t\t<img decoding=\"async\" width=\"800\" height=\"534\" src=\"http:\/\/groupe-hadjeb.com\/wp-content\/uploads\/2022\/03\/PECHE-COUPEE-EN-SIROP-820GR-DYLIA-1024x683.png\" class=\"elementor-animation-grow attachment-large size-large\" alt=\"\" loading=\"lazy\" srcset=\"http:\/\/groupe-hadjeb.com\/wp-content\/uploads\/2022\/03\/PECHE-COUPEE-EN-SIROP-820GR-DYLIA-1024x683.png 1024w, http:\/\/groupe-hadjeb.com\/wp-content\/uploads\/2022\/03\/PECHE-COUPEE-EN-SIROP-820GR-DYLIA-300x200.png 300w, http:\/\/groupe-hadjeb.com\/wp-content\/uploads\/2022\/03\/PECHE-COUPEE-EN-SIROP-820GR-DYLIA-768x512.png 768w, http:\/\/groupe-hadjeb.com\/wp-content\/uploads\/2022\/03\/PECHE-COUPEE-EN-SIROP-820GR-DYLIA-1536x1024.png 1536w, http:\/\/groupe-hadjeb.com\/wp-content\/uploads\/2022\/03\/PECHE-COUPEE-EN-SIROP-820GR-DYLIA-2048x1365.png 2048w\" sizes=\"(max-width: 800px) 100vw, 800px\" \/>\t\t\t\t\t\t\t\t\t\t\t\t\t\t\t<\/div>\n\t\t\t\t<\/div>\n\t\t\t\t<div class=\"elementor-element elementor-element-d0478bc elementor-widget elementor-widget-heading\" data-id=\"d0478bc\" data-element_type=\"widget\" data-widget_type=\"heading.default\">\n\t\t\t\t<div class=\"elementor-widget-container\">\n\t\t\t<h6 class=\"elementor-heading-title elementor-size-default\">CANNED HALVES PACHES 820GR<\/h6>\t\t<\/div>\n\t\t\t\t<\/div>\n\t\t\t\t\t<\/div>\n\t\t<\/div>\n\t\t\t\t<div class=\"elementor-column elementor-col-25 elementor-inner-column elementor-element elementor-element-495d2fd\" data-id=\"495d2fd\" data-element_type=\"column\">\n\t\t\t<div class=\"elementor-widget-wrap elementor-element-populated\">\n\t\t\t\t\t\t\t\t<div class=\"elementor-element elementor-element-0671833 elementor-widget elementor-widget-image\" data-id=\"0671833\" data-element_type=\"widget\" data-widget_type=\"image.default\">\n\t\t\t\t<div class=\"elementor-widget-container\">\n\t\t\t\t\t\t\t\t\t\t\t\t\t\t\t<img decoding=\"async\" width=\"800\" height=\"534\" src=\"http:\/\/groupe-hadjeb.com\/wp-content\/uploads\/2022\/03\/MAIS-DOUX-2125G-DYLIA-GM-1024x683.png\" class=\"elementor-animation-grow attachment-large size-large\" alt=\"\" loading=\"lazy\" srcset=\"http:\/\/groupe-hadjeb.com\/wp-content\/uploads\/2022\/03\/MAIS-DOUX-2125G-DYLIA-GM-1024x683.png 1024w, http:\/\/groupe-hadjeb.com\/wp-content\/uploads\/2022\/03\/MAIS-DOUX-2125G-DYLIA-GM-300x200.png 300w, http:\/\/groupe-hadjeb.com\/wp-content\/uploads\/2022\/03\/MAIS-DOUX-2125G-DYLIA-GM-768x512.png 768w, http:\/\/groupe-hadjeb.com\/wp-content\/uploads\/2022\/03\/MAIS-DOUX-2125G-DYLIA-GM-1536x1024.png 1536w, http:\/\/groupe-hadjeb.com\/wp-content\/uploads\/2022\/03\/MAIS-DOUX-2125G-DYLIA-GM-2048x1365.png 2048w\" sizes=\"(max-width: 800px) 100vw, 800px\" \/>\t\t\t\t\t\t\t\t\t\t\t\t\t\t\t<\/div>\n\t\t\t\t<\/div>\n\t\t\t\t<div class=\"elementor-element elementor-element-db13172 elementor-widget elementor-widget-heading\" data-id=\"db13172\" data-element_type=\"widget\" data-widget_type=\"heading.default\">\n\t\t\t\t<div class=\"elementor-widget-container\">\n\t\t\t<h6 class=\"elementor-heading-title elementor-size-default\">MAIS DOUX 2125GR<\/h6>\t\t<\/div>\n\t\t\t\t<\/div>\n\t\t\t\t\t<\/div>\n\t\t<\/div>\n\t\t\t\t<div class=\"elementor-column elementor-col-25 elementor-inner-column elementor-element elementor-element-32324bd\" data-id=\"32324bd\" data-element_type=\"column\">\n\t\t\t<div class=\"elementor-widget-wrap elementor-element-populated\">\n\t\t\t\t\t\t\t\t<div class=\"elementor-element elementor-element-b0b816b elementor-widget elementor-widget-image\" data-id=\"b0b816b\" data-element_type=\"widget\" data-widget_type=\"image.default\">\n\t\t\t\t<div class=\"elementor-widget-container\">\n\t\t\t\t\t\t\t\t\t\t\t\t\t\t\t<img decoding=\"async\" width=\"800\" height=\"534\" src=\"http:\/\/groupe-hadjeb.com\/wp-content\/uploads\/2022\/03\/COCKTAIL-DE-FRUITS-PM-565G-DYLIA-1024x683.png\" class=\"elementor-animation-grow attachment-large size-large\" alt=\"\" loading=\"lazy\" srcset=\"http:\/\/groupe-hadjeb.com\/wp-content\/uploads\/2022\/03\/COCKTAIL-DE-FRUITS-PM-565G-DYLIA-1024x683.png 1024w, http:\/\/groupe-hadjeb.com\/wp-content\/uploads\/2022\/03\/COCKTAIL-DE-FRUITS-PM-565G-DYLIA-300x200.png 300w, http:\/\/groupe-hadjeb.com\/wp-content\/uploads\/2022\/03\/COCKTAIL-DE-FRUITS-PM-565G-DYLIA-768x512.png 768w, http:\/\/groupe-hadjeb.com\/wp-content\/uploads\/2022\/03\/COCKTAIL-DE-FRUITS-PM-565G-DYLIA-1536x1024.png 1536w, http:\/\/groupe-hadjeb.com\/wp-content\/uploads\/2022\/03\/COCKTAIL-DE-FRUITS-PM-565G-DYLIA-2048x1365.png 2048w\" sizes=\"(max-width: 800px) 100vw, 800px\" \/>\t\t\t\t\t\t\t\t\t\t\t\t\t\t\t<\/div>\n\t\t\t\t<\/div>\n\t\t\t\t<div class=\"elementor-element elementor-element-b6a1506 elementor-widget elementor-widget-heading\" data-id=\"b6a1506\" data-element_type=\"widget\" data-widget_type=\"heading.default\">\n\t\t\t\t<div class=\"elementor-widget-container\">\n\t\t\t<h6 class=\"elementor-heading-title elementor-size-default\">COCKTAIL DE FRUITS PM 565GR<\/h6>\t\t<\/div>\n\t\t\t\t<\/div>\n\t\t\t\t\t<\/div>\n\t\t<\/div>\n\t\t\t\t<div class=\"elementor-column elementor-col-25 elementor-inner-column elementor-element elementor-element-eaea23d\" data-id=\"eaea23d\" data-element_type=\"column\">\n\t\t\t<div class=\"elementor-widget-wrap elementor-element-populated\">\n\t\t\t\t\t\t\t\t<div class=\"elementor-element elementor-element-45b0d83 elementor-widget elementor-widget-image\" data-id=\"45b0d83\" data-element_type=\"widget\" data-widget_type=\"image.default\">\n\t\t\t\t<div class=\"elementor-widget-container\">\n\t\t\t\t\t\t\t\t\t\t\t\t\t\t\t<img decoding=\"async\" width=\"800\" height=\"534\" src=\"http:\/\/groupe-hadjeb.com\/wp-content\/uploads\/2022\/03\/CHAMPIGNON-COUPE-400GR-DYLIA-1024x683.png\" class=\"elementor-animation-grow attachment-large size-large\" alt=\"\" loading=\"lazy\" srcset=\"http:\/\/groupe-hadjeb.com\/wp-content\/uploads\/2022\/03\/CHAMPIGNON-COUPE-400GR-DYLIA-1024x683.png 1024w, http:\/\/groupe-hadjeb.com\/wp-content\/uploads\/2022\/03\/CHAMPIGNON-COUPE-400GR-DYLIA-300x200.png 300w, http:\/\/groupe-hadjeb.com\/wp-content\/uploads\/2022\/03\/CHAMPIGNON-COUPE-400GR-DYLIA-768x512.png 768w, http:\/\/groupe-hadjeb.com\/wp-content\/uploads\/2022\/03\/CHAMPIGNON-COUPE-400GR-DYLIA-1536x1024.png 1536w, http:\/\/groupe-hadjeb.com\/wp-content\/uploads\/2022\/03\/CHAMPIGNON-COUPE-400GR-DYLIA-2048x1365.png 2048w\" sizes=\"(max-width: 800px) 100vw, 800px\" \/>\t\t\t\t\t\t\t\t\t\t\t\t\t\t\t<\/div>\n\t\t\t\t<\/div>\n\t\t\t\t<div class=\"elementor-element elementor-element-1d66816 elementor-widget elementor-widget-heading\" data-id=\"1d66816\" data-element_type=\"widget\" data-widget_type=\"heading.default\">\n\t\t\t\t<div class=\"elementor-widget-container\">\n\t\t\t<h6 class=\"elementor-heading-title elementor-size-default\">CANNED MUSHROOMS 400GR<\/h6>\t\t<\/div>\n\t\t\t\t<\/div>\n\t\t\t\t\t<\/div>\n\t\t<\/div>\n\t\t\t\t\t\t\t<\/div>\n\t\t<\/section>\n\t\t\t\t\t<\/div>\n\t\t<\/div>\n\t\t\t\t\t\t\t<\/div>\n\t\t<\/section>\n\t\t\t\t<section class=\"elementor-section elementor-top-section elementor-element elementor-element-e056067 elementor-section-boxed elementor-section-height-default elementor-section-height-default\" data-id=\"e056067\" data-element_type=\"section\">\n\t\t\t\t\t\t<div class=\"elementor-container elementor-column-gap-default\">\n\t\t\t\t\t<div class=\"elementor-column elementor-col-100 elementor-top-column elementor-element elementor-element-a2dcb59\" data-id=\"a2dcb59\" data-element_type=\"column\">\n\t\t\t<div class=\"elementor-widget-wrap elementor-element-populated\">\n\t\t\t\t\t\t\t\t<div class=\"elementor-element elementor-element-09df624 elementor-widget elementor-widget-spacer\" data-id=\"09df624\" data-element_type=\"widget\" data-widget_type=\"spacer.default\">\n\t\t\t\t<div class=\"elementor-widget-container\">\n\t\t\t\t\t<div class=\"elementor-spacer\">\n\t\t\t<div class=\"elementor-spacer-inner\"><\/div>\n\t\t<\/div>\n\t\t\t\t<\/div>\n\t\t\t\t<\/div>\n\t\t\t\t\t<\/div>\n\t\t<\/div>\n\t\t\t\t\t\t\t<\/div>\n\t\t<\/section>\n\t\t\t\t\t\t<\/div>\n\t\t\t\t\t<\/div>","protected":false},"excerpt":{"rendered":"<p>Sarl Blanco Impex La Sarl Blanco Impex importe des produits de qualit\u00e9 sup\u00e9rieure \u00e0 des prix comp\u00e9titifs. Elle couvre le march\u00e9 national. Ses produits, conserves de fruits, champignons, mais, fruits&hellip;<\/p>\n<p> <a class=\"more-link\" href=\"http:\/\/groupe-hadjeb.com\/en\/sarl-blanco-impex-2\/\">Read more<\/a><\/p>","protected":false},"author":1,"featured_media":11542,"parent":0,"menu_order":0,"comment_status":"closed","ping_status":"closed","template":"","meta":[],"yoast_head":"<!-- This site is optimized with the Yoast SEO plugin v18.2 - https:\/\/yoast.com\/wordpress\/plugins\/seo\/ -->\n<title>Sarl Blanco Impex - Groupe Hadjeb<\/title>\n<meta name=\"description\" content=\"La Sarl Blanco Impex importe des produits de qualit\u00e9 sup\u00e9rieure \u00e0 des prix comp\u00e9titifs. Elle couvre le march\u00e9 national.\" \/>\n<meta name=\"robots\" content=\"index, follow, max-snippet:-1, max-image-preview:large, max-video-preview:-1\" \/>\n<link rel=\"canonical\" href=\"http:\/\/groupe-hadjeb.com\/en\/sarl-blanco-impex-2\/\" \/>\n<meta property=\"og:locale\" content=\"en_GB\" \/>\n<meta property=\"og:type\" content=\"article\" \/>\n<meta property=\"og:title\" content=\"Sarl Blanco Impex - Groupe Hadjeb\" \/>\n<meta property=\"og:description\" content=\"La Sarl Blanco Impex importe des produits de qualit\u00e9 sup\u00e9rieure \u00e0 des prix comp\u00e9titifs. Elle couvre le march\u00e9 national.\" \/>\n<meta property=\"og:url\" content=\"http:\/\/groupe-hadjeb.com\/en\/sarl-blanco-impex-2\/\" \/>\n<meta property=\"og:site_name\" content=\"Groupe Hadjeb\" \/>\n<meta property=\"article:modified_time\" content=\"2022-04-25T09:28:08+00:00\" \/>\n<meta property=\"og:image\" content=\"https:\/\/groupe-hadjeb.com\/wp-content\/uploads\/2018\/02\/cropps-BG2.jpg\" \/>\n\t<meta property=\"og:image:width\" content=\"2000\" \/>\n\t<meta property=\"og:image:height\" content=\"1036\" \/>\n\t<meta property=\"og:image:type\" content=\"image\/jpeg\" \/>\n<meta name=\"twitter:card\" content=\"summary_large_image\" \/>\n<meta name=\"twitter:label1\" content=\"Estimated reading time\" \/>\n\t<meta name=\"twitter:data1\" content=\"2 minutes\" \/>\n<script type=\"application\/ld+json\" class=\"yoast-schema-graph\">{\"@context\":\"https:\/\/schema.org\",\"@graph\":[{\"@type\":\"WebSite\",\"@id\":\"http:\/\/groupe-hadjeb.com\/#website\",\"url\":\"http:\/\/groupe-hadjeb.com\/\",\"name\":\"Groupe Hadjeb\",\"description\":\"\",\"potentialAction\":[{\"@type\":\"SearchAction\",\"target\":{\"@type\":\"EntryPoint\",\"urlTemplate\":\"http:\/\/groupe-hadjeb.com\/?s={search_term_string}\"},\"query-input\":\"required name=search_term_string\"}],\"inLanguage\":\"en-GB\"},{\"@type\":\"ImageObject\",\"@id\":\"https:\/\/groupe-hadjeb.com\/sarl-blanco-impex-2\/#primaryimage\",\"inLanguage\":\"en-GB\",\"url\":\"http:\/\/groupe-hadjeb.com\/wp-content\/uploads\/2018\/02\/cropps-BG2.jpg\",\"contentUrl\":\"http:\/\/groupe-hadjeb.com\/wp-content\/uploads\/2018\/02\/cropps-BG2.jpg\",\"width\":2000,\"height\":1036},{\"@type\":\"WebPage\",\"@id\":\"https:\/\/groupe-hadjeb.com\/sarl-blanco-impex-2\/#webpage\",\"url\":\"https:\/\/groupe-hadjeb.com\/sarl-blanco-impex-2\/\",\"name\":\"Sarl Blanco Impex - Groupe Hadjeb\",\"isPartOf\":{\"@id\":\"http:\/\/groupe-hadjeb.com\/#website\"},\"primaryImageOfPage\":{\"@id\":\"https:\/\/groupe-hadjeb.com\/sarl-blanco-impex-2\/#primaryimage\"},\"datePublished\":\"2022-03-23T08:57:16+00:00\",\"dateModified\":\"2022-04-25T09:28:08+00:00\",\"description\":\"La Sarl Blanco Impex importe des produits de qualit\u00e9 sup\u00e9rieure \u00e0 des prix comp\u00e9titifs. Elle couvre le march\u00e9 national.\",\"breadcrumb\":{\"@id\":\"https:\/\/groupe-hadjeb.com\/sarl-blanco-impex-2\/#breadcrumb\"},\"inLanguage\":\"en-GB\",\"potentialAction\":[{\"@type\":\"ReadAction\",\"target\":[\"https:\/\/groupe-hadjeb.com\/sarl-blanco-impex-2\/\"]}]},{\"@type\":\"BreadcrumbList\",\"@id\":\"https:\/\/groupe-hadjeb.com\/sarl-blanco-impex-2\/#breadcrumb\",\"itemListElement\":[{\"@type\":\"ListItem\",\"position\":1,\"name\":\"Accueil\",\"item\":\"http:\/\/groupe-hadjeb.com\/\"},{\"@type\":\"ListItem\",\"position\":2,\"name\":\"Sarl Blanco Impex\"}]}]}<\/script>\n<!-- \/ Yoast SEO plugin. -->","yoast_head_json":{"title":"Sarl Blanco Impex - Groupe Hadjeb","description":"La Sarl Blanco Impex importe des produits de qualit\u00e9 sup\u00e9rieure \u00e0 des prix comp\u00e9titifs. Elle couvre le march\u00e9 national.","robots":{"index":"index","follow":"follow","max-snippet":"max-snippet:-1","max-image-preview":"max-image-preview:large","max-video-preview":"max-video-preview:-1"},"canonical":"http:\/\/groupe-hadjeb.com\/en\/sarl-blanco-impex-2\/","og_locale":"en_GB","og_type":"article","og_title":"Sarl Blanco Impex - Groupe Hadjeb","og_description":"La Sarl Blanco Impex importe des produits de qualit\u00e9 sup\u00e9rieure \u00e0 des prix comp\u00e9titifs. Elle couvre le march\u00e9 national.","og_url":"http:\/\/groupe-hadjeb.com\/en\/sarl-blanco-impex-2\/","og_site_name":"Groupe Hadjeb","article_modified_time":"2022-04-25T09:28:08+00:00","og_image":[{"width":2000,"height":1036,"url":"https:\/\/groupe-hadjeb.com\/wp-content\/uploads\/2018\/02\/cropps-BG2.jpg","type":"image\/jpeg"}],"twitter_card":"summary_large_image","twitter_misc":{"Estimated reading time":"2 minutes"},"schema":{"@context":"https:\/\/schema.org","@graph":[{"@type":"WebSite","@id":"http:\/\/groupe-hadjeb.com\/#website","url":"http:\/\/groupe-hadjeb.com\/","name":"Groupe Hadjeb","description":"","potentialAction":[{"@type":"SearchAction","target":{"@type":"EntryPoint","urlTemplate":"http:\/\/groupe-hadjeb.com\/?s={search_term_string}"},"query-input":"required name=search_term_string"}],"inLanguage":"en-GB"},{"@type":"ImageObject","@id":"https:\/\/groupe-hadjeb.com\/sarl-blanco-impex-2\/#primaryimage","inLanguage":"en-GB","url":"http:\/\/groupe-hadjeb.com\/wp-content\/uploads\/2018\/02\/cropps-BG2.jpg","contentUrl":"http:\/\/groupe-hadjeb.com\/wp-content\/uploads\/2018\/02\/cropps-BG2.jpg","width":2000,"height":1036},{"@type":"WebPage","@id":"https:\/\/groupe-hadjeb.com\/sarl-blanco-impex-2\/#webpage","url":"https:\/\/groupe-hadjeb.com\/sarl-blanco-impex-2\/","name":"Sarl Blanco Impex - Groupe Hadjeb","isPartOf":{"@id":"http:\/\/groupe-hadjeb.com\/#website"},"primaryImageOfPage":{"@id":"https:\/\/groupe-hadjeb.com\/sarl-blanco-impex-2\/#primaryimage"},"datePublished":"2022-03-23T08:57:16+00:00","dateModified":"2022-04-25T09:28:08+00:00","description":"La Sarl Blanco Impex importe des produits de qualit\u00e9 sup\u00e9rieure \u00e0 des prix comp\u00e9titifs. Elle couvre le march\u00e9 national.","breadcrumb":{"@id":"https:\/\/groupe-hadjeb.com\/sarl-blanco-impex-2\/#breadcrumb"},"inLanguage":"en-GB","potentialAction":[{"@type":"ReadAction","target":["https:\/\/groupe-hadjeb.com\/sarl-blanco-impex-2\/"]}]},{"@type":"BreadcrumbList","@id":"https:\/\/groupe-hadjeb.com\/sarl-blanco-impex-2\/#breadcrumb","itemListElement":[{"@type":"ListItem","position":1,"name":"Accueil","item":"http:\/\/groupe-hadjeb.com\/"},{"@type":"ListItem","position":2,"name":"Sarl Blanco Impex"}]}]}},"_links":{"self":[{"href":"http:\/\/groupe-hadjeb.com\/en\/wp-json\/wp\/v2\/pages\/12509"}],"collection":[{"href":"http:\/\/groupe-hadjeb.com\/en\/wp-json\/wp\/v2\/pages"}],"about":[{"href":"http:\/\/groupe-hadjeb.com\/en\/wp-json\/wp\/v2\/types\/page"}],"author":[{"embeddable":true,"href":"http:\/\/groupe-hadjeb.com\/en\/wp-json\/wp\/v2\/users\/1"}],"replies":[{"embeddable":true,"href":"http:\/\/groupe-hadjeb.com\/en\/wp-json\/wp\/v2\/comments?post=12509"}],"version-history":[{"count":29,"href":"http:\/\/groupe-hadjeb.com\/en\/wp-json\/wp\/v2\/pages\/12509\/revisions"}],"predecessor-version":[{"id":13135,"href":"http:\/\/groupe-hadjeb.com\/en\/wp-json\/wp\/v2\/pages\/12509\/revisions\/13135"}],"wp:featuredmedia":[{"embeddable":true,"href":"http:\/\/groupe-hadjeb.com\/en\/wp-json\/wp\/v2\/media\/11542"}],"wp:attachment":[{"href":"http:\/\/groupe-hadjeb.com\/en\/wp-json\/wp\/v2\/media?parent=12509"}],"curies":[{"name":"wp","href":"https:\/\/api.w.org\/{rel}","templated":true}]}}