{"id":12428,"date":"2022-03-22T11:30:49","date_gmt":"2022-03-22T10:30:49","guid":{"rendered":"http:\/\/groupe-hadjeb.com\/?page_id=12428"},"modified":"2022-04-25T13:38:37","modified_gmt":"2022-04-25T11:38:37","slug":"carrieres","status":"publish","type":"page","link":"http:\/\/groupe-hadjeb.com\/en\/carrieres\/","title":{"rendered":"Spontaneous application"},"content":{"rendered":"<div data-elementor-type=\"wp-post\" data-elementor-id=\"12428\" class=\"elementor elementor-12428\" data-elementor-settings=\"[]\">\n\t\t\t\t\t\t\t<div class=\"elementor-section-wrap\">\n\t\t\t\t\t\t\t<section class=\"elementor-section elementor-top-section elementor-element elementor-element-6962e2f0 elementor-section-stretched elementor-section-boxed elementor-section-height-default elementor-section-height-default\" data-id=\"6962e2f0\" data-element_type=\"section\" data-settings=\"{&quot;stretch_section&quot;:&quot;section-stretched&quot;,&quot;background_background&quot;:&quot;classic&quot;,&quot;shape_divider_bottom&quot;:&quot;triangle&quot;,&quot;shape_divider_bottom_negative&quot;:&quot;yes&quot;}\">\n\t\t\t\t\t\t\t<div class=\"elementor-background-overlay\"><\/div>\n\t\t\t\t\t\t<div class=\"elementor-shape elementor-shape-bottom\" data-negative=\"true\">\n\t\t\t<svg xmlns=\"http:\/\/www.w3.org\/2000\/svg\" viewbox=\"0 0 1000 100\" preserveaspectratio=\"none\">\n\t<path class=\"elementor-shape-fill\" d=\"M500.2,94.7L0,0v100h1000V0L500.2,94.7z\"\/>\n<\/svg>\t\t<\/div>\n\t\t\t\t\t<div class=\"elementor-container elementor-column-gap-default\">\n\t\t\t\t\t<div class=\"elementor-column elementor-col-100 elementor-top-column elementor-element elementor-element-513d0c2\" data-id=\"513d0c2\" data-element_type=\"column\">\n\t\t\t<div class=\"elementor-widget-wrap elementor-element-populated\">\n\t\t\t\t\t\t\t\t<div class=\"elementor-element elementor-element-15cdacec elementor-widget elementor-widget-heading\" data-id=\"15cdacec\" data-element_type=\"widget\" data-widget_type=\"heading.default\">\n\t\t\t\t<div class=\"elementor-widget-container\">\n\t\t\t<style>\/*! elementor - v3.5.6 - 28-02-2022 *\/\n.elementor-heading-title{padding:0;margin:0;line-height:1}.elementor-widget-heading .elementor-heading-title[class*=elementor-size-]>a{color:inherit;font-size:inherit;line-height:inherit}.elementor-widget-heading .elementor-heading-title.elementor-size-small{font-size:15px}.elementor-widget-heading .elementor-heading-title.elementor-size-medium{font-size:19px}.elementor-widget-heading .elementor-heading-title.elementor-size-large{font-size:29px}.elementor-widget-heading .elementor-heading-title.elementor-size-xl{font-size:39px}.elementor-widget-heading .elementor-heading-title.elementor-size-xxl{font-size:59px}<\/style><h2 class=\"elementor-heading-title elementor-size-default\">Spontaneous application<\/h2>\t\t<\/div>\n\t\t\t\t<\/div>\n\t\t\t\t\t<\/div>\n\t\t<\/div>\n\t\t\t\t\t\t\t<\/div>\n\t\t<\/section>\n\t\t\t\t<section class=\"elementor-section elementor-top-section elementor-element elementor-element-46114d7 elementor-section-boxed elementor-section-height-default elementor-section-height-default\" data-id=\"46114d7\" data-element_type=\"section\">\n\t\t\t\t\t\t<div class=\"elementor-container elementor-column-gap-default\">\n\t\t\t\t\t<div class=\"elementor-column elementor-col-100 elementor-top-column elementor-element elementor-element-2188571\" data-id=\"2188571\" data-element_type=\"column\">\n\t\t\t<div class=\"elementor-widget-wrap elementor-element-populated\">\n\t\t\t\t\t\t\t\t<div class=\"elementor-element elementor-element-48b02da elementor-widget elementor-widget-spacer\" data-id=\"48b02da\" data-element_type=\"widget\" data-widget_type=\"spacer.default\">\n\t\t\t\t<div class=\"elementor-widget-container\">\n\t\t\t\t\t<div class=\"elementor-spacer\">\n\t\t\t<div class=\"elementor-spacer-inner\"><\/div>\n\t\t<\/div>\n\t\t\t\t<\/div>\n\t\t\t\t<\/div>\n\t\t\t\t\t<\/div>\n\t\t<\/div>\n\t\t\t\t\t\t\t<\/div>\n\t\t<\/section>\n\t\t\t\t<section class=\"elementor-section elementor-top-section elementor-element elementor-element-642dccd elementor-section-content-space-between elementor-section-boxed elementor-section-height-default elementor-section-height-default\" data-id=\"642dccd\" data-element_type=\"section\">\n\t\t\t\t\t\t<div class=\"elementor-container elementor-column-gap-default\">\n\t\t\t\t\t<div class=\"elementor-column elementor-col-100 elementor-top-column elementor-element elementor-element-732760a\" data-id=\"732760a\" data-element_type=\"column\">\n\t\t\t<div class=\"elementor-widget-wrap elementor-element-populated\">\n\t\t\t\t\t\t\t\t<div class=\"elementor-element elementor-element-70a7b08 elementor-widget elementor-widget-heading\" data-id=\"70a7b08\" data-element_type=\"widget\" data-widget_type=\"heading.default\">\n\t\t\t\t<div class=\"elementor-widget-container\">\n\t\t\t<h4 class=\"elementor-heading-title elementor-size-default\">Spontaneous application<\/h4>\t\t<\/div>\n\t\t\t\t<\/div>\n\t\t\t\t<div class=\"elementor-element elementor-element-cc507da premium-contact-form-anim-yes elementor-widget elementor-widget-premium-contact-form\" data-id=\"cc507da\" data-element_type=\"widget\" data-widget_type=\"premium-contact-form.default\">\n\t\t\t\t<div class=\"elementor-widget-container\">\n\t\t\t\r\n\t\t\t<div class=\"premium-cf7-container\">\r\n\t\t\t\t<div role=\"form\" class=\"wpcf7\" id=\"wpcf7-f12447-o1\" lang=\"fr-FR\" dir=\"ltr\">\n<div class=\"screen-reader-response\"><p role=\"status\" aria-live=\"polite\" aria-atomic=\"true\"><\/p> <ul><\/ul><\/div>\n<form action=\"\/en\/wp-json\/wp\/v2\/pages\/12428#wpcf7-f12447-o1\" method=\"post\" class=\"wpcf7-form init\" enctype=\"multipart\/form-data\" novalidate=\"novalidate\" data-status=\"init\" data-trp-original-action=\"\/en\/wp-json\/wp\/v2\/pages\/12428#wpcf7-f12447-o1\">\n<div style=\"display: none;\">\n<input type=\"hidden\" name=\"_wpcf7\" value=\"12447\" \/>\n<input type=\"hidden\" name=\"_wpcf7_version\" value=\"5.5.6\" \/>\n<input type=\"hidden\" name=\"_wpcf7_locale\" value=\"fr_FR\" \/>\n<input type=\"hidden\" name=\"_wpcf7_unit_tag\" value=\"wpcf7-f12447-o1\" \/>\n<input type=\"hidden\" name=\"_wpcf7_container_post\" value=\"0\" \/>\n<input type=\"hidden\" name=\"_wpcf7_posted_data_hash\" value=\"\" \/>\n<\/div>\n<p><label>civility<br \/>\n<span class=\"wpcf7-form-control-wrap radio-968\"><span class=\"wpcf7-form-control wpcf7-radio\"><span class=\"wpcf7-list-item first\"><input type=\"radio\" name=\"radio-968\" value=\"Mme\" checked=\"checked\" \/><span class=\"wpcf7-list-item-label\">Mrs<\/span><\/span><span class=\"wpcf7-list-item\"><input type=\"radio\" name=\"radio-968\" value=\"Mlle\" \/><span class=\"wpcf7-list-item-label\">Ms<\/span><\/span><span class=\"wpcf7-list-item last\"><input type=\"radio\" name=\"radio-968\" value=\"Mr\" \/><span class=\"wpcf7-list-item-label\">Mr<\/span><\/span><\/span><\/span> <\/label><br \/>\n<label> Name<br \/>\n    <span class=\"wpcf7-form-control-wrap your-name\"><input type=\"text\" name=\"your-name\" value=\"\" size=\"40\" class=\"wpcf7-form-control wpcf7-text wpcf7-validates-as-required\" aria-required=\"true\" aria-invalid=\"false\" \/><\/span> <\/label><br \/>\n<label> First name<br \/>\n    <span class=\"wpcf7-form-control-wrap your-prenom\"><input type=\"text\" name=\"your-prenom\" value=\"\" size=\"40\" class=\"wpcf7-form-control wpcf7-text wpcf7-validates-as-required\" aria-required=\"true\" aria-invalid=\"false\" \/><\/span> <\/label><br \/>\n<label> address<br \/>\n<span class=\"wpcf7-form-control-wrap Adresse\"><input type=\"text\" name=\"Adresse\" value=\"\" size=\"40\" class=\"wpcf7-form-control wpcf7-text wpcf7-validates-as-required\" aria-required=\"true\" aria-invalid=\"false\" \/><\/span><\/label><\/p>\n<p><label> E-mail<br \/>\n    <span class=\"wpcf7-form-control-wrap your-email\"><input type=\"email\" name=\"your-email\" value=\"\" size=\"40\" class=\"wpcf7-form-control wpcf7-text wpcf7-email wpcf7-validates-as-required wpcf7-validates-as-email\" aria-required=\"true\" aria-invalid=\"false\" \/><\/span> <\/label><br \/>\n<label> Phone<br \/>\n<span class=\"wpcf7-form-control-wrap Tel\"><input type=\"tel\" name=\"Tel\" value=\"\" size=\"40\" class=\"wpcf7-form-control wpcf7-text wpcf7-tel wpcf7-validates-as-required wpcf7-validates-as-tel\" aria-required=\"true\" aria-invalid=\"false\" \/><\/span><\/label><\/p>\n<p><label> Cover letter<br \/>\n    <span class=\"wpcf7-form-control-wrap your-message\"><textarea name=\"your-message\" cols=\"40\" rows=\"10\" class=\"wpcf7-form-control wpcf7-textarea\" aria-invalid=\"false\"><\/textarea><\/span> <\/label><br \/>\n<label> CV<br \/>\n<span class=\"wpcf7-form-control-wrap file-29\"><input type=\"file\" name=\"file-29\" size=\"40\" class=\"wpcf7-form-control wpcf7-file wpcf7-validates-as-required\" accept=\".pdf,.doc,.docx,.jpeg,.jpg,.png\" aria-required=\"true\" aria-invalid=\"false\" \/><\/span><\/label><\/p>\n<p><input type=\"submit\" value=\"Send\" class=\"wpcf7-form-control has-spinner wpcf7-submit\" \/><\/p>\n<div class=\"wpcf7-response-output\" aria-hidden=\"true\"><\/div><input type=\"hidden\" name=\"trp-form-language\" value=\"en\"\/><\/form><\/div>\t\t\t<\/div>\r\n\r\n\t\t\t\t\t<\/div>\n\t\t\t\t<\/div>\n\t\t\t\t\t<\/div>\n\t\t<\/div>\n\t\t\t\t\t\t\t<\/div>\n\t\t<\/section>\n\t\t\t\t<section class=\"elementor-section elementor-top-section elementor-element elementor-element-e056067 elementor-section-boxed elementor-section-height-default elementor-section-height-default\" data-id=\"e056067\" data-element_type=\"section\">\n\t\t\t\t\t\t<div class=\"elementor-container elementor-column-gap-default\">\n\t\t\t\t\t<div class=\"elementor-column elementor-col-100 elementor-top-column elementor-element elementor-element-a2dcb59\" data-id=\"a2dcb59\" data-element_type=\"column\">\n\t\t\t<div class=\"elementor-widget-wrap elementor-element-populated\">\n\t\t\t\t\t\t\t\t<div class=\"elementor-element elementor-element-09df624 elementor-widget elementor-widget-spacer\" data-id=\"09df624\" data-element_type=\"widget\" data-widget_type=\"spacer.default\">\n\t\t\t\t<div class=\"elementor-widget-container\">\n\t\t\t\t\t<div class=\"elementor-spacer\">\n\t\t\t<div class=\"elementor-spacer-inner\"><\/div>\n\t\t<\/div>\n\t\t\t\t<\/div>\n\t\t\t\t<\/div>\n\t\t\t\t\t<\/div>\n\t\t<\/div>\n\t\t\t\t\t\t\t<\/div>\n\t\t<\/section>\n\t\t\t\t\t\t<\/div>\n\t\t\t\t\t<\/div>","protected":false},"excerpt":{"rendered":"<p>Candidature spontan\u00e9e Candidature spontan\u00e9e Civilit\u00e9 MmeMlleMr Nom Pr\u00e9nom Adresse E-mail Tel Lettre de motivation CV<\/p>","protected":false},"author":1,"featured_media":11542,"parent":0,"menu_order":0,"comment_status":"closed","ping_status":"closed","template":"","meta":[],"yoast_head":"<!-- This site is optimized with the Yoast SEO plugin v18.2 - https:\/\/yoast.com\/wordpress\/plugins\/seo\/ -->\n<title>Candidature spontan\u00e9e - Groupe Hadjeb<\/title>\n<meta name=\"description\" content=\"Formulaire de candidature spontan\u00e9e.\" \/>\n<meta name=\"robots\" content=\"index, follow, max-snippet:-1, max-image-preview:large, max-video-preview:-1\" \/>\n<link rel=\"canonical\" href=\"http:\/\/groupe-hadjeb.com\/en\/carrieres\/\" \/>\n<meta property=\"og:locale\" content=\"en_GB\" \/>\n<meta property=\"og:type\" content=\"article\" \/>\n<meta property=\"og:title\" content=\"Candidature spontan\u00e9e - Groupe Hadjeb\" \/>\n<meta property=\"og:description\" content=\"Formulaire de candidature spontan\u00e9e.\" \/>\n<meta property=\"og:url\" content=\"http:\/\/groupe-hadjeb.com\/en\/carrieres\/\" \/>\n<meta property=\"og:site_name\" content=\"Groupe Hadjeb\" \/>\n<meta property=\"article:modified_time\" content=\"2022-04-25T11:38:37+00:00\" \/>\n<meta property=\"og:image\" content=\"http:\/\/groupe-hadjeb.com\/wp-content\/uploads\/2018\/02\/cropps-BG2.jpg\" \/>\n\t<meta property=\"og:image:width\" content=\"2000\" \/>\n\t<meta property=\"og:image:height\" content=\"1036\" \/>\n\t<meta property=\"og:image:type\" content=\"image\/jpeg\" \/>\n<meta name=\"twitter:card\" content=\"summary_large_image\" \/>\n<meta name=\"twitter:label1\" content=\"Estimated reading time\" \/>\n\t<meta name=\"twitter:data1\" content=\"1 minute\" \/>\n<script type=\"application\/ld+json\" class=\"yoast-schema-graph\">{\"@context\":\"https:\/\/schema.org\",\"@graph\":[{\"@type\":\"WebSite\",\"@id\":\"https:\/\/groupe-hadjeb.com\/#website\",\"url\":\"https:\/\/groupe-hadjeb.com\/\",\"name\":\"Groupe Hadjeb\",\"description\":\"\",\"potentialAction\":[{\"@type\":\"SearchAction\",\"target\":{\"@type\":\"EntryPoint\",\"urlTemplate\":\"https:\/\/groupe-hadjeb.com\/?s={search_term_string}\"},\"query-input\":\"required name=search_term_string\"}],\"inLanguage\":\"en-GB\"},{\"@type\":\"ImageObject\",\"@id\":\"http:\/\/groupe-hadjeb.com\/en\/carrieres\/#primaryimage\",\"inLanguage\":\"en-GB\",\"url\":\"http:\/\/groupe-hadjeb.com\/wp-content\/uploads\/2018\/02\/cropps-BG2.jpg\",\"contentUrl\":\"http:\/\/groupe-hadjeb.com\/wp-content\/uploads\/2018\/02\/cropps-BG2.jpg\",\"width\":2000,\"height\":1036},{\"@type\":\"WebPage\",\"@id\":\"http:\/\/groupe-hadjeb.com\/en\/carrieres\/#webpage\",\"url\":\"http:\/\/groupe-hadjeb.com\/en\/carrieres\/\",\"name\":\"Candidature spontan\u00e9e - Groupe Hadjeb\",\"isPartOf\":{\"@id\":\"https:\/\/groupe-hadjeb.com\/#website\"},\"primaryImageOfPage\":{\"@id\":\"http:\/\/groupe-hadjeb.com\/en\/carrieres\/#primaryimage\"},\"datePublished\":\"2022-03-22T10:30:49+00:00\",\"dateModified\":\"2022-04-25T11:38:37+00:00\",\"description\":\"Formulaire de candidature spontan\u00e9e.\",\"breadcrumb\":{\"@id\":\"http:\/\/groupe-hadjeb.com\/en\/carrieres\/#breadcrumb\"},\"inLanguage\":\"en-GB\",\"potentialAction\":[{\"@type\":\"ReadAction\",\"target\":[\"http:\/\/groupe-hadjeb.com\/en\/carrieres\/\"]}]},{\"@type\":\"BreadcrumbList\",\"@id\":\"http:\/\/groupe-hadjeb.com\/en\/carrieres\/#breadcrumb\",\"itemListElement\":[{\"@type\":\"ListItem\",\"position\":1,\"name\":\"Accueil\",\"item\":\"https:\/\/groupe-hadjeb.com\/\"},{\"@type\":\"ListItem\",\"position\":2,\"name\":\"Candidature spontan\u00e9e\"}]}]}<\/script>\n<!-- \/ Yoast SEO plugin. -->","yoast_head_json":{"title":"Candidature spontan\u00e9e - Groupe Hadjeb","description":"Formulaire de candidature spontan\u00e9e.","robots":{"index":"index","follow":"follow","max-snippet":"max-snippet:-1","max-image-preview":"max-image-preview:large","max-video-preview":"max-video-preview:-1"},"canonical":"http:\/\/groupe-hadjeb.com\/en\/carrieres\/","og_locale":"en_GB","og_type":"article","og_title":"Candidature spontan\u00e9e - Groupe Hadjeb","og_description":"Formulaire de candidature spontan\u00e9e.","og_url":"http:\/\/groupe-hadjeb.com\/en\/carrieres\/","og_site_name":"Groupe Hadjeb","article_modified_time":"2022-04-25T11:38:37+00:00","og_image":[{"width":2000,"height":1036,"url":"http:\/\/groupe-hadjeb.com\/wp-content\/uploads\/2018\/02\/cropps-BG2.jpg","type":"image\/jpeg"}],"twitter_card":"summary_large_image","twitter_misc":{"Estimated reading time":"1 minute"},"schema":{"@context":"https:\/\/schema.org","@graph":[{"@type":"WebSite","@id":"https:\/\/groupe-hadjeb.com\/#website","url":"https:\/\/groupe-hadjeb.com\/","name":"Groupe Hadjeb","description":"","potentialAction":[{"@type":"SearchAction","target":{"@type":"EntryPoint","urlTemplate":"https:\/\/groupe-hadjeb.com\/?s={search_term_string}"},"query-input":"required name=search_term_string"}],"inLanguage":"en-GB"},{"@type":"ImageObject","@id":"http:\/\/groupe-hadjeb.com\/en\/carrieres\/#primaryimage","inLanguage":"en-GB","url":"http:\/\/groupe-hadjeb.com\/wp-content\/uploads\/2018\/02\/cropps-BG2.jpg","contentUrl":"http:\/\/groupe-hadjeb.com\/wp-content\/uploads\/2018\/02\/cropps-BG2.jpg","width":2000,"height":1036},{"@type":"WebPage","@id":"http:\/\/groupe-hadjeb.com\/en\/carrieres\/#webpage","url":"http:\/\/groupe-hadjeb.com\/en\/carrieres\/","name":"Candidature spontan\u00e9e - Groupe Hadjeb","isPartOf":{"@id":"https:\/\/groupe-hadjeb.com\/#website"},"primaryImageOfPage":{"@id":"http:\/\/groupe-hadjeb.com\/en\/carrieres\/#primaryimage"},"datePublished":"2022-03-22T10:30:49+00:00","dateModified":"2022-04-25T11:38:37+00:00","description":"Formulaire de candidature spontan\u00e9e.","breadcrumb":{"@id":"http:\/\/groupe-hadjeb.com\/en\/carrieres\/#breadcrumb"},"inLanguage":"en-GB","potentialAction":[{"@type":"ReadAction","target":["http:\/\/groupe-hadjeb.com\/en\/carrieres\/"]}]},{"@type":"BreadcrumbList","@id":"http:\/\/groupe-hadjeb.com\/en\/carrieres\/#breadcrumb","itemListElement":[{"@type":"ListItem","position":1,"name":"Accueil","item":"https:\/\/groupe-hadjeb.com\/"},{"@type":"ListItem","position":2,"name":"Candidature spontan\u00e9e"}]}]}},"_links":{"self":[{"href":"http:\/\/groupe-hadjeb.com\/en\/wp-json\/wp\/v2\/pages\/12428"}],"collection":[{"href":"http:\/\/groupe-hadjeb.com\/en\/wp-json\/wp\/v2\/pages"}],"about":[{"href":"http:\/\/groupe-hadjeb.com\/en\/wp-json\/wp\/v2\/types\/page"}],"author":[{"embeddable":true,"href":"http:\/\/groupe-hadjeb.com\/en\/wp-json\/wp\/v2\/users\/1"}],"replies":[{"embeddable":true,"href":"http:\/\/groupe-hadjeb.com\/en\/wp-json\/wp\/v2\/comments?post=12428"}],"version-history":[{"count":54,"href":"http:\/\/groupe-hadjeb.com\/en\/wp-json\/wp\/v2\/pages\/12428\/revisions"}],"predecessor-version":[{"id":13146,"href":"http:\/\/groupe-hadjeb.com\/en\/wp-json\/wp\/v2\/pages\/12428\/revisions\/13146"}],"wp:featuredmedia":[{"embeddable":true,"href":"http:\/\/groupe-hadjeb.com\/en\/wp-json\/wp\/v2\/media\/11542"}],"wp:attachment":[{"href":"http:\/\/groupe-hadjeb.com\/en\/wp-json\/wp\/v2\/media?parent=12428"}],"curies":[{"name":"wp","href":"https:\/\/api.w.org\/{rel}","templated":true}]}}